{"id":11290,"date":"2020-05-06T09:25:13","date_gmt":"2020-05-06T09:25:13","guid":{"rendered":"https:\/\/www.marcegaglia.com.tr\/?page_id=11290"},"modified":"2020-10-20T10:28:15","modified_gmt":"2020-10-20T10:28:15","slug":"news","status":"publish","type":"page","link":"https:\/\/www.marcegaglia.com.tr\/en\/news\/","title":{"rendered":"News"},"content":{"rendered":"<div class=\"wpb-content-wrapper\"><p>[vc_row full_width=&#8221;stretch_row_content_no_spaces&#8221; css=&#8221;.vc_custom_1603189683314{margin-bottom: 2em !important;background-image: url(https:\/\/www.marcegaglia.com.tr\/wp-content\/uploads\/2020\/10\/Marcegaglia-NEWS-banner.jpg?id=13683) !important;background-position: center !important;background-repeat: no-repeat !important;background-size: cover !important;}&#8221; el_id=&#8221;desk&#8221;][vc_column css=&#8221;.vc_custom_1588591974425{padding-top: 10em !important;padding-bottom: 10em !important;background-position: center !important;background-repeat: no-repeat !important;background-size: cover !important;}&#8221; el_id=&#8221;desk&#8221; offset=&#8221;vc_hidden-sm vc_hidden-xs&#8221;][\/vc_column][\/vc_row][vc_row full_width=&#8221;stretch_row_content_no_spaces&#8221; css=&#8221;.vc_custom_1603189692373{margin-bottom: 2em !important;padding-top: 5em !important;padding-bottom: 5em !important;background-image: url(https:\/\/www.marcegaglia.com.tr\/wp-content\/uploads\/2020\/10\/Marcegaglia-NEWS-banner_1400x700.jpg?id=13681) !important;background-position: center !important;background-repeat: no-repeat !important;background-size: cover !important;}&#8221; el_id=&#8221;resp&#8221;][vc_column css=&#8221;.vc_custom_1588592239658{background-position: center !important;background-repeat: no-repeat !important;background-size: cover !important;}&#8221; el_id=&#8221;resp&#8221; offset=&#8221;vc_hidden-lg vc_hidden-md&#8221;][\/vc_column][\/vc_row][vc_row css=&#8221;.vc_custom_1587038350979{margin-bottom: 2em !important;}&#8221; el_id=&#8221;news_desk&#8221;][vc_column][vc_column_text]<\/p>\n<h2 style=\"text-align: left;\"><span style=\"color: #26303a;\">NEWS<\/span><\/h2>\n<p>[\/vc_column_text][vc_empty_space]<div id=\"cz_30933\" class=\"cz_30933\"><div class=\"cz_grid cz_grid_1 clr cz_posts_list_1 cz_grid_1_title_sub_after cz_grid_1_has_excerpt cz_grid_1_bot tal\" data-atts='{\"action\":\"cz_ajax_posts\",\"post_class\":\"cz_grid_item\",\"post__in\":null,\"author__in\":null,\"nonce\":\"4e15a3615e\",\"nonce_id\":\"cz_30933\",\"loadmore_end\":\"\",\"layout\":\"cz_posts_list_1\",\"hover\":\"cz_grid_1_title_sub_after cz_grid_1_has_excerpt\",\"image_size\":\"codevz_360_320\",\"subtitles\":\"%5B%7B%22t%22%3A%22date%22%7D%5D\",\"subtitle_pos\":\"\",\"icon\":\"\",\"el\":\"\",\"title_lenght\":\"\",\"cat_tax\":\"category\",\"cat\":\"\",\"cat_exclude\":\"12, 13\",\"tag_tax\":\"post_tag\",\"tag_id\":\"\",\"tag_exclude\":\"\",\"post_type\":\"post\",\"posts_per_page\":\"4\",\"order\":\"DESC\",\"orderby\":\"date\",\"tilt_data\":null,\"svg_sizes\":[\"360\",\"320\"],\"img_fx\":\"\",\"custom_size\":\"\",\"excerpt_rm\":\"true\",\"title_tag\":\"h3\",\"s\":\"\"}' data-animation=\"cz_grid_anim_move_right\"><div class=\"cz_grid_item cz_grid_first\"><\/div><div data-id=\"14624\" class=\"cz_grid_item  cz_posts_list_even 14624 post-14624 post type-post status-publish format-standard has-post-thumbnail hentry category-company\"><div class=\"clr\"><a class=\"cz_grid_link\" href=\"https:\/\/www.marcegaglia.com.tr\/en\/marcegaglia-the-future-is-steel-come-discover-it-with-us-at-ssw-maastricht\/\" title=\"Marcegaglia: The Future is Steel. Come Discover It with Us at SSW Maastricht.\"><img decoding=\"async\" width=\"360\" height=\"320\" src=\"https:\/\/www.marcegaglia.com.tr\/wp-content\/uploads\/2025\/12\/SSW-News-360x320.jpg\" class=\"attachment-codevz_360_320\" alt=\"\" title=\"SSW-News\" \/><div class=\"cz_grid_details\"><i class=\" cz_grid_icon\"><\/i><\/div><\/a><div class=\"cz_grid_details cz_grid_details_outside\"><a class=\"cz_grid_title\" href=\"https:\/\/www.marcegaglia.com.tr\/en\/marcegaglia-the-future-is-steel-come-discover-it-with-us-at-ssw-maastricht\/\"><h3>Marcegaglia: The Future is Steel. Come Discover It with Us at SSW Maastricht.<\/h3><\/a><small class=\"clr\"><span class=\"cz_post_data cz_data_date\"><a href=\"https:\/\/www.marcegaglia.com.tr\/en\/marcegaglia-the-future-is-steel-come-discover-it-with-us-at-ssw-maastricht\/\" aria-label=\"Post date\">October 27, 2025<\/a><\/span><\/small><div class=\"cz_post_excerpt\">The most complete range of tubes. A global leader in stainless steel welded tubes, Marcegaglia guarantees quality, reliability, and tailor-made solutions for every industrial application. ...<a class=\"cz_readmore\" href=\"https:\/\/www.marcegaglia.com.tr\/en\/marcegaglia-the-future-is-steel-come-discover-it-with-us-at-ssw-maastricht\/\"><i class=\"fa czico-188-arrows-2\" aria-hidden=\"true\"><\/i><span>Read More<\/span><\/a><\/div><\/div><\/div><\/div><div data-id=\"14616\" class=\"cz_grid_item  cz_posts_list_odd 14616 post-14616 post type-post status-publish format-standard has-post-thumbnail hentry category-company category-uncategorized\"><div class=\"clr\"><a class=\"cz_grid_link\" href=\"https:\/\/www.marcegaglia.com.tr\/en\/those-who-truly-dream-act\/\" title=\"Those who truly dream, act\"><img decoding=\"async\" width=\"360\" height=\"320\" src=\"https:\/\/www.marcegaglia.com.tr\/wp-content\/uploads\/2025\/10\/Marcegaglia-Dreamers-news-360x320.jpg\" class=\"attachment-codevz_360_320\" alt=\"\" title=\"Marcegaglia-Dreamers-news\" \/><div class=\"cz_grid_details\"><i class=\" cz_grid_icon\"><\/i><\/div><\/a><div class=\"cz_grid_details cz_grid_details_outside\"><a class=\"cz_grid_title\" href=\"https:\/\/www.marcegaglia.com.tr\/en\/those-who-truly-dream-act\/\"><h3>Those who truly dream, act<\/h3><\/a><small class=\"clr\"><span class=\"cz_post_data cz_data_date\"><a href=\"https:\/\/www.marcegaglia.com.tr\/en\/those-who-truly-dream-act\/\" aria-label=\"Post date\">October 1, 2025<\/a><\/span><\/small><div class=\"cz_post_excerpt\">Dreamers Community: Antonio Marcegaglia shares his vision of entrepreneurship, inspiring young people to act and shape the future. ...<a class=\"cz_readmore\" href=\"https:\/\/www.marcegaglia.com.tr\/en\/those-who-truly-dream-act\/\"><i class=\"fa czico-188-arrows-2\" aria-hidden=\"true\"><\/i><span>Read More<\/span><\/a><\/div><\/div><\/div><\/div><div data-id=\"14602\" class=\"cz_grid_item  cz_posts_list_even 14602 post-14602 post type-post status-publish format-standard has-post-thumbnail hentry category-company category-uncategorized\"><div class=\"clr\"><a class=\"cz_grid_link\" href=\"https:\/\/www.marcegaglia.com.tr\/en\/international-stainless-special-steel-conference-2025\/\" title=\"International Stainless &#038; Special Steel Conference 2025\"><img decoding=\"async\" width=\"360\" height=\"320\" src=\"https:\/\/www.marcegaglia.com.tr\/wp-content\/uploads\/2025\/09\/SMR-2025-1536x1024-1-360x320.jpg\" class=\"attachment-codevz_360_320\" alt=\"\" title=\"SMR-2025-1536x1024\" \/><div class=\"cz_grid_details\"><i class=\" cz_grid_icon\"><\/i><\/div><\/a><div class=\"cz_grid_details cz_grid_details_outside\"><a class=\"cz_grid_title\" href=\"https:\/\/www.marcegaglia.com.tr\/en\/international-stainless-special-steel-conference-2025\/\"><h3>International Stainless &#038; Special Steel Conference 2025<\/h3><\/a><small class=\"clr\"><span class=\"cz_post_data cz_data_date\"><a href=\"https:\/\/www.marcegaglia.com.tr\/en\/international-stainless-special-steel-conference-2025\/\" aria-label=\"Post date\">September 22, 2025<\/a><\/span><\/small><div class=\"cz_post_excerpt\">From 24 to 27 May 2023 Marcegaglia Turkiye will be exhibitor at Tube & Steel, the 2nd pipe, profile, wire, steel manufacturing and technologies specialized fair organized by T\u00fcyap T\u00fcm Fuarc\u0131l\u0131k Yap\u0131m Inc. in Istanbul. ...<a class=\"cz_readmore\" href=\"https:\/\/www.marcegaglia.com.tr\/en\/international-stainless-special-steel-conference-2025\/\"><i class=\"fa czico-188-arrows-2\" aria-hidden=\"true\"><\/i><span>Read More<\/span><\/a><\/div><\/div><\/div><\/div><div data-id=\"14580\" class=\"cz_grid_item  cz_posts_list_odd 14580 post-14580 post type-post status-publish format-standard has-post-thumbnail hentry category-company category-uncategorized\"><div class=\"clr\"><a class=\"cz_grid_link\" href=\"https:\/\/www.marcegaglia.com.tr\/en\/antonio-marcegaglia-welcomed-at-marcegaglia-turkeys-ergene-plant\/\" title=\"Antonio Marcegaglia Welcomed at Marcegaglia Turkey\u2019s Ergene Plant\"><img decoding=\"async\" width=\"360\" height=\"320\" src=\"https:\/\/www.marcegaglia.com.tr\/wp-content\/uploads\/2025\/09\/Antonio-Marcegaglia-Turkey-news-360x320.jpg\" class=\"attachment-codevz_360_320\" alt=\"\" title=\"Antonio-Marcegaglia-Turkey-news\" \/><div class=\"cz_grid_details\"><i class=\" cz_grid_icon\"><\/i><\/div><\/a><div class=\"cz_grid_details cz_grid_details_outside\"><a class=\"cz_grid_title\" href=\"https:\/\/www.marcegaglia.com.tr\/en\/antonio-marcegaglia-welcomed-at-marcegaglia-turkeys-ergene-plant\/\"><h3>Antonio Marcegaglia Welcomed at Marcegaglia Turkey\u2019s Ergene Plant<\/h3><\/a><small class=\"clr\"><span class=\"cz_post_data cz_data_date\"><a href=\"https:\/\/www.marcegaglia.com.tr\/en\/antonio-marcegaglia-welcomed-at-marcegaglia-turkeys-ergene-plant\/\" aria-label=\"Post date\">September 18, 2025<\/a><\/span><\/small><div class=\"cz_post_excerpt\">From 24 to 27 May 2023 Marcegaglia Turkiye will be exhibitor at Tube & Steel, the 2nd pipe, profile, wire, steel manufacturing and technologies specialized fair organized by T\u00fcyap T\u00fcm Fuarc\u0131l\u0131k Yap\u0131m Inc. in Istanbul. ...<a class=\"cz_readmore\" href=\"https:\/\/www.marcegaglia.com.tr\/en\/antonio-marcegaglia-welcomed-at-marcegaglia-turkeys-ergene-plant\/\"><i class=\"fa czico-188-arrows-2\" aria-hidden=\"true\"><\/i><span>Read More<\/span><\/a><\/div><\/div><\/div><\/div><\/div><div class=\"cz_ajax_pagination clr cz_ajax_loadmore tac\"><a href=\"#\">Load More<\/a><\/div><\/div>[\/vc_column][\/vc_row]<\/p>\n<\/div>","protected":false},"excerpt":{"rendered":"<p>[vc_row full_width=&#8221;stretch_row_content_no_spaces&#8221; css=&#8221;.vc_custom_1603189683314{margin-bottom: 2em !important;background-image: url(https:\/\/www.marcegaglia.com.tr\/wp-content\/uploads\/2020\/10\/Marcegaglia-NEWS-banner.jpg?id=13683) !important;background-position: center !important;background-repeat: no-repeat !important;background-size: cover !important;}&#8221; el_id=&#8221;desk&#8221;][vc_column css=&#8221;.vc_custom_1588591974425{padding-top: 10em !important;padding-bottom: 10em !important;background-position: center &#8230; <a class=\"cz_readmore\" href=\"https:\/\/www.marcegaglia.com.tr\/en\/antonio-marcegaglia-welcomed-at-marcegaglia-turkeys-ergene-plant\/\"><i class=\"fa czico-188-arrows-2\" aria-hidden=\"true\"><\/i><span>Read More<\/span><\/a><\/p>\n","protected":false},"author":1,"featured_media":0,"parent":0,"menu_order":0,"comment_status":"closed","ping_status":"closed","template":"","meta":{"footnotes":""},"class_list":["post-11290","page","type-page","status-publish","hentry"],"yoast_head":"<!-- This site is optimized with the Yoast SEO plugin v25.4 - https:\/\/yoast.com\/wordpress\/plugins\/seo\/ -->\n<title>News - Marcegaglia Turkey<\/title>\n<meta name=\"robots\" content=\"index, follow, max-snippet:-1, max-image-preview:large, max-video-preview:-1\" \/>\n<link rel=\"canonical\" href=\"https:\/\/www.marcegaglia.com.tr\/en\/news\/\" \/>\n<meta property=\"og:locale\" content=\"en_US\" \/>\n<meta property=\"og:type\" content=\"article\" \/>\n<meta property=\"og:title\" content=\"News - Marcegaglia Turkey\" \/>\n<meta property=\"og:description\" content=\"[vc_row full_width=&#8221;stretch_row_content_no_spaces&#8221; css=&#8221;.vc_custom_1603189683314{margin-bottom: 2em !important;background-image: url(https:\/\/www.marcegaglia.com.tr\/wp-content\/uploads\/2020\/10\/Marcegaglia-NEWS-banner.jpg?id=13683) !important;background-position: center !important;background-repeat: no-repeat !important;background-size: cover !important;}&#8221; el_id=&#8221;desk&#8221;][vc_column css=&#8221;.vc_custom_1588591974425{padding-top: 10em !important;padding-bottom: 10em !important;background-position: center ... Read More\" \/>\n<meta property=\"og:url\" content=\"https:\/\/www.marcegaglia.com.tr\/en\/news\/\" \/>\n<meta property=\"og:site_name\" content=\"Marcegaglia Turkey\" \/>\n<meta property=\"article:modified_time\" content=\"2020-10-20T10:28:15+00:00\" \/>\n<meta name=\"twitter:card\" content=\"summary_large_image\" \/>\n<meta name=\"twitter:label1\" content=\"Est. reading time\" \/>\n\t<meta name=\"twitter:data1\" content=\"1 minute\" \/>\n<script type=\"application\/ld+json\" class=\"yoast-schema-graph\">{\"@context\":\"https:\/\/schema.org\",\"@graph\":[{\"@type\":\"WebPage\",\"@id\":\"https:\/\/www.marcegaglia.com.tr\/en\/news\/\",\"url\":\"https:\/\/www.marcegaglia.com.tr\/en\/news\/\",\"name\":\"News - Marcegaglia Turkey\",\"isPartOf\":{\"@id\":\"https:\/\/www.marcegaglia.com.tr\/tr\/#website\"},\"datePublished\":\"2020-05-06T09:25:13+00:00\",\"dateModified\":\"2020-10-20T10:28:15+00:00\",\"breadcrumb\":{\"@id\":\"https:\/\/www.marcegaglia.com.tr\/en\/news\/#breadcrumb\"},\"inLanguage\":\"en-US\",\"potentialAction\":[{\"@type\":\"ReadAction\",\"target\":[\"https:\/\/www.marcegaglia.com.tr\/en\/news\/\"]}]},{\"@type\":\"BreadcrumbList\",\"@id\":\"https:\/\/www.marcegaglia.com.tr\/en\/news\/#breadcrumb\",\"itemListElement\":[{\"@type\":\"ListItem\",\"position\":1,\"name\":\"Home\",\"item\":\"https:\/\/www.marcegaglia.com.tr\/tr\/\"},{\"@type\":\"ListItem\",\"position\":2,\"name\":\"News\"}]},{\"@type\":\"WebSite\",\"@id\":\"https:\/\/www.marcegaglia.com.tr\/tr\/#website\",\"url\":\"https:\/\/www.marcegaglia.com.tr\/tr\/\",\"name\":\"Marcegaglia Turkey\",\"description\":\"We give shape to steel\",\"potentialAction\":[{\"@type\":\"SearchAction\",\"target\":{\"@type\":\"EntryPoint\",\"urlTemplate\":\"https:\/\/www.marcegaglia.com.tr\/tr\/?s={search_term_string}\"},\"query-input\":{\"@type\":\"PropertyValueSpecification\",\"valueRequired\":true,\"valueName\":\"search_term_string\"}}],\"inLanguage\":\"en-US\"}]}<\/script>\n<!-- \/ Yoast SEO plugin. -->","yoast_head_json":{"title":"News - Marcegaglia Turkey","robots":{"index":"index","follow":"follow","max-snippet":"max-snippet:-1","max-image-preview":"max-image-preview:large","max-video-preview":"max-video-preview:-1"},"canonical":"https:\/\/www.marcegaglia.com.tr\/en\/news\/","og_locale":"en_US","og_type":"article","og_title":"News - Marcegaglia Turkey","og_description":"[vc_row full_width=&#8221;stretch_row_content_no_spaces&#8221; css=&#8221;.vc_custom_1603189683314{margin-bottom: 2em !important;background-image: url(https:\/\/www.marcegaglia.com.tr\/wp-content\/uploads\/2020\/10\/Marcegaglia-NEWS-banner.jpg?id=13683) !important;background-position: center !important;background-repeat: no-repeat !important;background-size: cover !important;}&#8221; el_id=&#8221;desk&#8221;][vc_column css=&#8221;.vc_custom_1588591974425{padding-top: 10em !important;padding-bottom: 10em !important;background-position: center ... Read More","og_url":"https:\/\/www.marcegaglia.com.tr\/en\/news\/","og_site_name":"Marcegaglia Turkey","article_modified_time":"2020-10-20T10:28:15+00:00","twitter_card":"summary_large_image","twitter_misc":{"Est. reading time":"1 minute"},"schema":{"@context":"https:\/\/schema.org","@graph":[{"@type":"WebPage","@id":"https:\/\/www.marcegaglia.com.tr\/en\/news\/","url":"https:\/\/www.marcegaglia.com.tr\/en\/news\/","name":"News - Marcegaglia Turkey","isPartOf":{"@id":"https:\/\/www.marcegaglia.com.tr\/tr\/#website"},"datePublished":"2020-05-06T09:25:13+00:00","dateModified":"2020-10-20T10:28:15+00:00","breadcrumb":{"@id":"https:\/\/www.marcegaglia.com.tr\/en\/news\/#breadcrumb"},"inLanguage":"en-US","potentialAction":[{"@type":"ReadAction","target":["https:\/\/www.marcegaglia.com.tr\/en\/news\/"]}]},{"@type":"BreadcrumbList","@id":"https:\/\/www.marcegaglia.com.tr\/en\/news\/#breadcrumb","itemListElement":[{"@type":"ListItem","position":1,"name":"Home","item":"https:\/\/www.marcegaglia.com.tr\/tr\/"},{"@type":"ListItem","position":2,"name":"News"}]},{"@type":"WebSite","@id":"https:\/\/www.marcegaglia.com.tr\/tr\/#website","url":"https:\/\/www.marcegaglia.com.tr\/tr\/","name":"Marcegaglia Turkey","description":"We give shape to steel","potentialAction":[{"@type":"SearchAction","target":{"@type":"EntryPoint","urlTemplate":"https:\/\/www.marcegaglia.com.tr\/tr\/?s={search_term_string}"},"query-input":{"@type":"PropertyValueSpecification","valueRequired":true,"valueName":"search_term_string"}}],"inLanguage":"en-US"}]}},"_links":{"self":[{"href":"https:\/\/www.marcegaglia.com.tr\/en\/wp-json\/wp\/v2\/pages\/11290","targetHints":{"allow":["GET"]}}],"collection":[{"href":"https:\/\/www.marcegaglia.com.tr\/en\/wp-json\/wp\/v2\/pages"}],"about":[{"href":"https:\/\/www.marcegaglia.com.tr\/en\/wp-json\/wp\/v2\/types\/page"}],"author":[{"embeddable":true,"href":"https:\/\/www.marcegaglia.com.tr\/en\/wp-json\/wp\/v2\/users\/1"}],"replies":[{"embeddable":true,"href":"https:\/\/www.marcegaglia.com.tr\/en\/wp-json\/wp\/v2\/comments?post=11290"}],"version-history":[{"count":3,"href":"https:\/\/www.marcegaglia.com.tr\/en\/wp-json\/wp\/v2\/pages\/11290\/revisions"}],"predecessor-version":[{"id":13686,"href":"https:\/\/www.marcegaglia.com.tr\/en\/wp-json\/wp\/v2\/pages\/11290\/revisions\/13686"}],"wp:attachment":[{"href":"https:\/\/www.marcegaglia.com.tr\/en\/wp-json\/wp\/v2\/media?parent=11290"}],"curies":[{"name":"wp","href":"https:\/\/api.w.org\/{rel}","templated":true}]}}