{"id":12572,"date":"2020-06-04T09:28:54","date_gmt":"2020-06-04T09:28:54","guid":{"rendered":"https:\/\/www.marcegaglia.com.tr\/?page_id=12572"},"modified":"2024-10-14T15:41:25","modified_gmt":"2024-10-14T15:41:25","slug":"box-sections","status":"publish","type":"page","link":"https:\/\/www.marcegaglia.com.tr\/en\/box-sections\/","title":{"rendered":"Box sections"},"content":{"rendered":"<div class=\"wpb-content-wrapper\"><p>[vc_row full_width=&#8221;stretch_row_content_no_spaces&#8221; css=&#8221;.vc_custom_1590054132212{margin-bottom: 2em !important;background-image: url(https:\/\/www.marcegaglia.com.tr\/wp-content\/uploads\/2020\/05\/marcegaglia_russia-stainless-steel-tubes-banner-1920&#215;306-1.jpg?id=11515) !important;background-position: center !important;background-repeat: no-repeat !important;background-size: cover !important;}&#8221; el_id=&#8221;desk&#8221;][vc_column css=&#8221;.vc_custom_1588591974425{padding-top: 10em !important;padding-bottom: 10em !important;background-position: center !important;background-repeat: no-repeat !important;background-size: cover !important;}&#8221; el_id=&#8221;desk&#8221; offset=&#8221;vc_hidden-sm vc_hidden-xs&#8221;][\/vc_column][\/vc_row][vc_row full_width=&#8221;stretch_row_content_no_spaces&#8221; css=&#8221;.vc_custom_1590054172252{margin-bottom: 2em !important;padding-top: 5em !important;padding-bottom: 5em !important;background-image: url(https:\/\/www.marcegaglia.com.tr\/wp-content\/uploads\/2020\/05\/marcegaglia_russia-stainless-steel-tubes-banner-1400&#215;700-1.jpg?id=11514) !important;background-position: center !important;background-repeat: no-repeat !important;background-size: cover !important;}&#8221; el_id=&#8221;resp&#8221;][vc_column css=&#8221;.vc_custom_1588592239658{background-position: center !important;background-repeat: no-repeat !important;background-size: cover !important;}&#8221; el_id=&#8221;resp&#8221; offset=&#8221;vc_hidden-lg vc_hidden-md&#8221;][\/vc_column][\/vc_row][vc_row full_width=&#8221;stretch_row&#8221; css=&#8221;.vc_custom_1585049350308{margin-bottom: 2em !important;background-position: center !important;background-repeat: no-repeat !important;background-size: cover !important;}&#8221;][vc_column][vc_column_text]\/<strong>Stainless Steel<\/strong>\/Box Sections[\/vc_column_text][\/vc_column][\/vc_row][vc_row full_width=&#8221;stretch_row&#8221; css=&#8221;.vc_custom_1585049350308{margin-bottom: 2em !important;background-position: center !important;background-repeat: no-repeat !important;background-size: cover !important;}&#8221;][vc_column width=&#8221;1\/2&#8243;][vc_column_text]<\/p>\n<h2>STAINLESS STEEL BOX SECTIONS<\/h2>\n<p>[\/vc_column_text][vc_empty_space height=&#8221;20px&#8221;][vc_column_text]<\/p>\n<p class=\"testo\">Marcegaglia Turkey manufactures a wide range of <strong>EN 10296<\/strong> stainless steel box sections, in <strong>thicknesses from 1 to 3 mm<\/strong> and <strong>outside diameters<\/strong> from <strong>15&#215;15 to 80&#215;40<\/strong> mm.<\/p>\n<p>[\/vc_column_text][vc_empty_space][vc_column_text]<\/p>\n<table class=\"table-pdt\">\n<tbody>\n<tr class=\"header-pdt\">\n<td colspan=\"6\" width=\"426\">PRODUCT RANGE<\/td>\n<\/tr>\n<tr class=\"tr-pdt\">\n<td colspan=\"6\" width=\"426\">Wall thickness mm &#8211; et kal\u0131nl\u0131\u011f\u0131 mm<\/td>\n<\/tr>\n<tr class=\"tr-pdt2\">\n<td>mm<\/td>\n<td>1<\/td>\n<td>1,2<\/td>\n<td>1,5<\/td>\n<td>2<\/td>\n<td>3<\/td>\n<\/tr>\n<tr class=\"tr-pdt2\">\n<td>15&#215;15<\/td>\n<td>0,453<\/td>\n<td>0,538<\/td>\n<td>0,661<\/td>\n<td><\/td>\n<td><\/td>\n<\/tr>\n<tr class=\"tr-pdt2\">\n<td>20&#215;20<\/td>\n<td>0,613<\/td>\n<td>0,729<\/td>\n<td>0,901<\/td>\n<td>1,176<\/td>\n<td><\/td>\n<\/tr>\n<tr class=\"tr-pdt2\">\n<td>25&#215;25<\/td>\n<td>0,772<\/td>\n<td>0,921<\/td>\n<td>1,140<\/td>\n<td>1,495<\/td>\n<td><\/td>\n<\/tr>\n<tr class=\"tr-pdt2\">\n<td>30&#215;30<\/td>\n<td>0,932<\/td>\n<td>1,112<\/td>\n<td>1,379<\/td>\n<td>1,814<\/td>\n<td>2,645<\/td>\n<\/tr>\n<tr class=\"tr-pdt2\">\n<td>40&#215;40<\/td>\n<td>1,251<\/td>\n<td>1,495<\/td>\n<td>1,858<\/td>\n<td>2,452<\/td>\n<td>3,602<\/td>\n<\/tr>\n<tr class=\"tr-pdt2\">\n<td>50&#215;50<\/td>\n<td>1,570<\/td>\n<td>1,878<\/td>\n<td>2,336<\/td>\n<td>3,090<\/td>\n<td>4,559<\/td>\n<\/tr>\n<tr class=\"tr-pdt2\">\n<td>60&#215;60<\/td>\n<td>1,889<\/td>\n<td>2,261<\/td>\n<td>2,814<\/td>\n<td>3,728<\/td>\n<td>5,516<\/td>\n<\/tr>\n<tr class=\"tr-pdt2\">\n<td>100&#215;100<\/td>\n<td>3,165<\/td>\n<td>3,792<\/td>\n<td>4,728<\/td>\n<td>6,279<\/td>\n<td>9,344<\/td>\n<\/tr>\n<tr class=\"tr-pdt2\">\n<td>20&#215;10<\/td>\n<td>0,453<\/td>\n<td>0,538<\/td>\n<td>0,661<\/td>\n<td><\/td>\n<td><\/td>\n<\/tr>\n<tr class=\"tr-pdt2\">\n<td>25&#215;15<\/td>\n<td>0,613<\/td>\n<td>0,729<\/td>\n<td>0,901<\/td>\n<td><\/td>\n<td><\/td>\n<\/tr>\n<tr class=\"tr-pdt2\">\n<td>30&#215;10<\/td>\n<td>0,613<\/td>\n<td>0,729<\/td>\n<td>0,901<\/td>\n<td><\/td>\n<td><\/td>\n<\/tr>\n<tr class=\"tr-pdt2\">\n<td>30&#215;20<\/td>\n<td>0,772<\/td>\n<td>0,921<\/td>\n<td>1,140<\/td>\n<td>1,495<\/td>\n<td><\/td>\n<\/tr>\n<tr class=\"tr-pdt2\">\n<td>40&#215;10<\/td>\n<td>0,772<\/td>\n<td>0,921<\/td>\n<td>1,140<\/td>\n<td><\/td>\n<td><\/td>\n<\/tr>\n<tr class=\"tr-pdt2\">\n<td>40&#215;20<\/td>\n<td>0,932<\/td>\n<td>1,112<\/td>\n<td>1,379<\/td>\n<td>1,814<\/td>\n<td><\/td>\n<\/tr>\n<tr class=\"tr-pdt2\">\n<td>50&#215;10<\/td>\n<td><\/td>\n<td>1,112<\/td>\n<td>1,379<\/td>\n<td><\/td>\n<td><\/td>\n<\/tr>\n<tr class=\"tr-pdt2\">\n<td>50&#215;30<\/td>\n<td><\/td>\n<td>1,495<\/td>\n<td>1,858<\/td>\n<td>2,452<\/td>\n<td>3,602<\/td>\n<\/tr>\n<tr class=\"tr-pdt2\">\n<td>60&#215;20<\/td>\n<td><\/td>\n<td>1,495<\/td>\n<td>1,858<\/td>\n<td>2,452<\/td>\n<td><\/td>\n<\/tr>\n<tr class=\"tr-pdt2\">\n<td>60&#215;40<\/td>\n<td><\/td>\n<td>1,878<\/td>\n<td>2,336<\/td>\n<td>3,090<\/td>\n<td>4,559<\/td>\n<\/tr>\n<tr class=\"tr-pdt2\">\n<td>80&#215;20<\/td>\n<td><\/td>\n<td><\/td>\n<td>2,336<\/td>\n<td>3,090<\/td>\n<td><\/td>\n<\/tr>\n<tr class=\"tr-pdt2\">\n<td>80&#215;40<\/td>\n<td><\/td>\n<td><\/td>\n<td>2,814<\/td>\n<td>3,728<\/td>\n<td>5,516<\/td>\n<\/tr>\n<\/tbody>\n<\/table>\n<p>[\/vc_column_text][vc_empty_space][vc_row_inner el_id=&#8221;resp&#8221;][vc_column_inner][vc_single_image image=&#8221;12961&#8243; img_size=&#8221;full&#8221; onclick=&#8221;custom_link&#8221; img_link_target=&#8221;_blank&#8221; link=&#8221;https:\/\/www.marcegaglia.com.tr\/wp-content\/uploads\/2022\/09\/Marcegaglia-Specialties-Stainless-Steel-09-2022-TR.pdf&#8221;][\/vc_column_inner][\/vc_row_inner][\/vc_column][vc_column width=&#8221;1\/2&#8243;][vc_row_inner el_id=&#8221;desk&#8221;][vc_column_inner][vc_single_image image=&#8221;13426&#8243; img_size=&#8221;full&#8221; onclick=&#8221;custom_link&#8221; img_link_target=&#8221;_blank&#8221; link=&#8221;https:\/\/www.marcegaglia.com.tr\/wp-content\/uploads\/2024\/10\/Box-Sections.pdf&#8221;][\/vc_column_inner][\/vc_row_inner][vc_empty_space height=&#8221;30px&#8221;]<div id=\"cz_53510\" class=\"cz_53510 slick arrows_mlr no_dots arrows_inner\" data-slick='{\"selector\":\"\",\"slidesToShow\":1,\"slidesToScroll\":1,\"rows\":1,\"fade\":true,\"vertical\":false,\"verticalSwiping\":false,\"infinite\":false,\"speed\":1000,\"swipeToSlide\":true,\"centerMode\":false,\"centerPadding\":\"\",\"variableWidth\":false,\"autoplay\":false,\"autoplaySpeed\":4000,\"dots\":true,\"counts\":false,\"adaptiveHeight\":false,\"responsive\":[{\"breakpoint\":769,\"settings\":{\"slidesToShow\":1,\"slidesToScroll\":1,\"infinite\":true,\"touchMove\":true}},{\"breakpoint\":481,\"settings\":{\"slidesToShow\":1,\"slidesToScroll\":1,\"infinite\":true,\"touchMove\":true}}]}' data-slick-prev=\"fa fa-chevron-left\" data-slick-next=\"fa fa-chevron-right\">[vc_single_image image=&#8221;11516&#8243; img_size=&#8221;full&#8221;][vc_single_image image=&#8221;11517&#8243; img_size=&#8221;full&#8221;]<\/div><div><\/div>[vc_empty_space height=&#8221;30px&#8221;][vc_column_text]<\/p>\n<h4>Information request<\/h4>\n<p>[\/vc_column_text][vc_empty_space height=&#8221;30px&#8221;]\n<div class=\"wpcf7 no-js\" id=\"wpcf7-f902-o1\" lang=\"it-IT\" dir=\"ltr\" data-wpcf7-id=\"902\">\n<div class=\"screen-reader-response\"><p role=\"status\" aria-live=\"polite\" aria-atomic=\"true\"><\/p> <ul><\/ul><\/div>\n<form action=\"\/en\/wp-json\/wp\/v2\/pages\/12572#wpcf7-f902-o1\" method=\"post\" class=\"wpcf7-form init\" aria-label=\"Modulo di contatto\" novalidate=\"novalidate\" data-status=\"init\">\n<fieldset class=\"hidden-fields-container\"><input type=\"hidden\" name=\"_wpcf7\" value=\"902\" \/><input type=\"hidden\" name=\"_wpcf7_version\" value=\"6.1\" \/><input type=\"hidden\" name=\"_wpcf7_locale\" value=\"it_IT\" \/><input type=\"hidden\" name=\"_wpcf7_unit_tag\" value=\"wpcf7-f902-o1\" \/><input type=\"hidden\" name=\"_wpcf7_container_post\" value=\"0\" \/><input type=\"hidden\" name=\"_wpcf7_posted_data_hash\" value=\"\" \/><input type=\"hidden\" name=\"_wpcf7_recaptcha_response\" value=\"\" \/>\n<\/fieldset>\n<div class=\"vc_row\">\n\t<div class=\"vc_col-md-6\">\n\t\t<p><span> Name* <\/span><br \/>\n<span class=\"wpcf7-form-control-wrap\" data-name=\"your-name\"><input size=\"40\" maxlength=\"400\" class=\"wpcf7-form-control wpcf7-text wpcf7-validates-as-required\" aria-required=\"true\" aria-invalid=\"false\" value=\"\" type=\"text\" name=\"your-name\" \/><\/span>\n\t\t<\/p>\n\t<\/div>\n\t<div class=\"vc_col-md-6\">\n\t\t<p><span> Email* <\/span><br \/>\n<span class=\"wpcf7-form-control-wrap\" data-name=\"your-email\"><input size=\"40\" maxlength=\"400\" class=\"wpcf7-form-control wpcf7-email wpcf7-validates-as-required wpcf7-text wpcf7-validates-as-email\" aria-required=\"true\" aria-invalid=\"false\" value=\"\" type=\"email\" name=\"your-email\" \/><\/span>\n\t\t<\/p>\n\t<\/div>\n\t<div class=\"vc_col-md-12\">\n\t\t<p><span> Subject <\/span><br \/>\n<span class=\"wpcf7-form-control-wrap\" data-name=\"your-subject\"><input size=\"40\" maxlength=\"400\" class=\"wpcf7-form-control wpcf7-text\" aria-invalid=\"false\" value=\"\" type=\"text\" name=\"your-subject\" \/><\/span>\n\t\t<\/p>\n\t<\/div>\n\t<div class=\"vc_col-md-12\">\n\t\t<p><span class=\"wpcf7-form-control-wrap\" data-name=\"your-message\"><textarea cols=\"40\" rows=\"10\" maxlength=\"2000\" class=\"wpcf7-form-control wpcf7-textarea\" aria-invalid=\"false\" placeholder=\"Insert here your message..\" name=\"your-message\"><\/textarea><\/span>\n\t\t<\/p>\n\t<\/div>\n\t<div class=\"vc_col-md-12\">\n\t\t<p><input class=\"wpcf7-form-control wpcf7-submit has-spinner\" type=\"submit\" value=\"Send\" \/>\n\t\t<\/p>\n\t<\/div>\n<\/div><input type='hidden' class='wpcf7-pum' value='{\"closepopup\":false,\"closedelay\":0,\"openpopup\":false,\"openpopup_id\":0}' \/><div class=\"wpcf7-response-output\" aria-hidden=\"true\"><\/div>\n<\/form>\n<\/div>\n[\/vc_column][\/vc_row]<\/p>\n<\/div>","protected":false},"excerpt":{"rendered":"<p>[vc_row full_width=&#8221;stretch_row_content_no_spaces&#8221; css=&#8221;.vc_custom_1590054132212{margin-bottom: 2em !important;background-image: url(https:\/\/www.marcegaglia.com.tr\/wp-content\/uploads\/2020\/05\/marcegaglia_russia-stainless-steel-tubes-banner-1920&#215;306-1.jpg?id=11515) !important;background-position: center !important;background-repeat: no-repeat !important;background-size: &#8230; <\/p>\n","protected":false},"author":1,"featured_media":0,"parent":0,"menu_order":0,"comment_status":"closed","ping_status":"closed","template":"","meta":{"footnotes":""},"class_list":["post-12572","page","type-page","status-publish","hentry"],"yoast_head":"<!-- This site is optimized with the Yoast SEO plugin v25.4 - https:\/\/yoast.com\/wordpress\/plugins\/seo\/ -->\n<title>Box sections - Marcegaglia Turkey<\/title>\n<meta name=\"robots\" content=\"index, follow, max-snippet:-1, max-image-preview:large, max-video-preview:-1\" \/>\n<link rel=\"canonical\" href=\"https:\/\/www.marcegaglia.com.tr\/tr\/kutu-profilleri\/\" \/>\n<meta property=\"og:locale\" content=\"en_US\" \/>\n<meta property=\"og:type\" content=\"article\" \/>\n<meta property=\"og:title\" content=\"Box sections - Marcegaglia Turkey\" \/>\n<meta property=\"og:description\" content=\"[vc_row full_width=&#8221;stretch_row_content_no_spaces&#8221; css=&#8221;.vc_custom_1590054132212{margin-bottom: 2em !important;background-image: url(https:\/\/www.marcegaglia.com.tr\/wp-content\/uploads\/2020\/05\/marcegaglia_russia-stainless-steel-tubes-banner-1920&#215;306-1.jpg?id=11515) !important;background-position: center !important;background-repeat: no-repeat !important;background-size: ...\" \/>\n<meta property=\"og:url\" content=\"https:\/\/www.marcegaglia.com.tr\/tr\/kutu-profilleri\/\" \/>\n<meta property=\"og:site_name\" content=\"Marcegaglia Turkey\" \/>\n<meta property=\"article:modified_time\" content=\"2024-10-14T15:41:25+00:00\" \/>\n<meta name=\"twitter:card\" content=\"summary_large_image\" \/>\n<meta name=\"twitter:label1\" content=\"Est. reading time\" \/>\n\t<meta name=\"twitter:data1\" content=\"2 minutes\" \/>\n<script type=\"application\/ld+json\" class=\"yoast-schema-graph\">{\"@context\":\"https:\/\/schema.org\",\"@graph\":[{\"@type\":\"WebPage\",\"@id\":\"https:\/\/www.marcegaglia.com.tr\/tr\/kutu-profilleri\/\",\"url\":\"https:\/\/www.marcegaglia.com.tr\/tr\/kutu-profilleri\/\",\"name\":\"Box sections - Marcegaglia Turkey\",\"isPartOf\":{\"@id\":\"https:\/\/www.marcegaglia.com.tr\/tr\/#website\"},\"datePublished\":\"2020-06-04T09:28:54+00:00\",\"dateModified\":\"2024-10-14T15:41:25+00:00\",\"breadcrumb\":{\"@id\":\"https:\/\/www.marcegaglia.com.tr\/tr\/kutu-profilleri\/#breadcrumb\"},\"inLanguage\":\"en-US\",\"potentialAction\":[{\"@type\":\"ReadAction\",\"target\":[\"https:\/\/www.marcegaglia.com.tr\/tr\/kutu-profilleri\/\"]}]},{\"@type\":\"BreadcrumbList\",\"@id\":\"https:\/\/www.marcegaglia.com.tr\/tr\/kutu-profilleri\/#breadcrumb\",\"itemListElement\":[{\"@type\":\"ListItem\",\"position\":1,\"name\":\"Home\",\"item\":\"https:\/\/www.marcegaglia.com.tr\/tr\/\"},{\"@type\":\"ListItem\",\"position\":2,\"name\":\"Box sections\"}]},{\"@type\":\"WebSite\",\"@id\":\"https:\/\/www.marcegaglia.com.tr\/tr\/#website\",\"url\":\"https:\/\/www.marcegaglia.com.tr\/tr\/\",\"name\":\"Marcegaglia Turkey\",\"description\":\"We give shape to steel\",\"potentialAction\":[{\"@type\":\"SearchAction\",\"target\":{\"@type\":\"EntryPoint\",\"urlTemplate\":\"https:\/\/www.marcegaglia.com.tr\/tr\/?s={search_term_string}\"},\"query-input\":{\"@type\":\"PropertyValueSpecification\",\"valueRequired\":true,\"valueName\":\"search_term_string\"}}],\"inLanguage\":\"en-US\"}]}<\/script>\n<!-- \/ Yoast SEO plugin. -->","yoast_head_json":{"title":"Box sections - Marcegaglia Turkey","robots":{"index":"index","follow":"follow","max-snippet":"max-snippet:-1","max-image-preview":"max-image-preview:large","max-video-preview":"max-video-preview:-1"},"canonical":"https:\/\/www.marcegaglia.com.tr\/tr\/kutu-profilleri\/","og_locale":"en_US","og_type":"article","og_title":"Box sections - Marcegaglia Turkey","og_description":"[vc_row full_width=&#8221;stretch_row_content_no_spaces&#8221; css=&#8221;.vc_custom_1590054132212{margin-bottom: 2em !important;background-image: url(https:\/\/www.marcegaglia.com.tr\/wp-content\/uploads\/2020\/05\/marcegaglia_russia-stainless-steel-tubes-banner-1920&#215;306-1.jpg?id=11515) !important;background-position: center !important;background-repeat: no-repeat !important;background-size: ...","og_url":"https:\/\/www.marcegaglia.com.tr\/tr\/kutu-profilleri\/","og_site_name":"Marcegaglia Turkey","article_modified_time":"2024-10-14T15:41:25+00:00","twitter_card":"summary_large_image","twitter_misc":{"Est. reading time":"2 minutes"},"schema":{"@context":"https:\/\/schema.org","@graph":[{"@type":"WebPage","@id":"https:\/\/www.marcegaglia.com.tr\/tr\/kutu-profilleri\/","url":"https:\/\/www.marcegaglia.com.tr\/tr\/kutu-profilleri\/","name":"Box sections - Marcegaglia Turkey","isPartOf":{"@id":"https:\/\/www.marcegaglia.com.tr\/tr\/#website"},"datePublished":"2020-06-04T09:28:54+00:00","dateModified":"2024-10-14T15:41:25+00:00","breadcrumb":{"@id":"https:\/\/www.marcegaglia.com.tr\/tr\/kutu-profilleri\/#breadcrumb"},"inLanguage":"en-US","potentialAction":[{"@type":"ReadAction","target":["https:\/\/www.marcegaglia.com.tr\/tr\/kutu-profilleri\/"]}]},{"@type":"BreadcrumbList","@id":"https:\/\/www.marcegaglia.com.tr\/tr\/kutu-profilleri\/#breadcrumb","itemListElement":[{"@type":"ListItem","position":1,"name":"Home","item":"https:\/\/www.marcegaglia.com.tr\/tr\/"},{"@type":"ListItem","position":2,"name":"Box sections"}]},{"@type":"WebSite","@id":"https:\/\/www.marcegaglia.com.tr\/tr\/#website","url":"https:\/\/www.marcegaglia.com.tr\/tr\/","name":"Marcegaglia Turkey","description":"We give shape to steel","potentialAction":[{"@type":"SearchAction","target":{"@type":"EntryPoint","urlTemplate":"https:\/\/www.marcegaglia.com.tr\/tr\/?s={search_term_string}"},"query-input":{"@type":"PropertyValueSpecification","valueRequired":true,"valueName":"search_term_string"}}],"inLanguage":"en-US"}]}},"_links":{"self":[{"href":"https:\/\/www.marcegaglia.com.tr\/en\/wp-json\/wp\/v2\/pages\/12572","targetHints":{"allow":["GET"]}}],"collection":[{"href":"https:\/\/www.marcegaglia.com.tr\/en\/wp-json\/wp\/v2\/pages"}],"about":[{"href":"https:\/\/www.marcegaglia.com.tr\/en\/wp-json\/wp\/v2\/types\/page"}],"author":[{"embeddable":true,"href":"https:\/\/www.marcegaglia.com.tr\/en\/wp-json\/wp\/v2\/users\/1"}],"replies":[{"embeddable":true,"href":"https:\/\/www.marcegaglia.com.tr\/en\/wp-json\/wp\/v2\/comments?post=12572"}],"version-history":[{"count":5,"href":"https:\/\/www.marcegaglia.com.tr\/en\/wp-json\/wp\/v2\/pages\/12572\/revisions"}],"predecessor-version":[{"id":14500,"href":"https:\/\/www.marcegaglia.com.tr\/en\/wp-json\/wp\/v2\/pages\/12572\/revisions\/14500"}],"wp:attachment":[{"href":"https:\/\/www.marcegaglia.com.tr\/en\/wp-json\/wp\/v2\/media?parent=12572"}],"curies":[{"name":"wp","href":"https:\/\/api.w.org\/{rel}","templated":true}]}}