{"id":12490,"date":"2020-05-14T09:27:40","date_gmt":"2020-05-14T09:27:40","guid":{"rendered":"https:\/\/www.marcegaglia.com.tr\/applications\/"},"modified":"2020-11-17T14:17:54","modified_gmt":"2020-11-17T14:17:54","slug":"uygulamalar","status":"publish","type":"page","link":"https:\/\/www.marcegaglia.com.tr\/tr\/uygulamalar\/","title":{"rendered":"Uygulamalar"},"content":{"rendered":"<div class=\"wpb-content-wrapper\"><p>[vc_row full_width=&#8221;stretch_row_content_no_spaces&#8221; css=&#8221;.vc_custom_1603194283518{background-image: url(https:\/\/www.marcegaglia.com.tr\/wp-content\/uploads\/2020\/10\/marcegaglia_poland-carbon-steel-flat-products-tubes-metal-building-home-products-applications-banner-1920&#215;306-1.jpg?id=13695) !important;background-position: center !important;background-repeat: no-repeat !important;background-size: cover !important;}&#8221; el_id=&#8221;desk1&#8243;][vc_column css=&#8221;.vc_custom_1588593703140{padding-top: 7.65em !important;padding-bottom: 7.65em !important;background-position: center !important;background-repeat: no-repeat !important;background-size: cover !important;}&#8221; el_id=&#8221;desk&#8221; offset=&#8221;vc_hidden-sm vc_hidden-xs&#8221;][vc_column_text]<\/p>\n<h1 style=\"text-align: center;\"><span style=\"color: #ffffff;\">T\u0130P\u0130K UYGULAMALAR<\/span><\/h1>\n<p>[\/vc_column_text][\/vc_column][\/vc_row][vc_row full_width=&#8221;stretch_row_content_no_spaces&#8221; css=&#8221;.vc_custom_1603193977007{padding-top: 1.65em !important;padding-bottom: 1.65em !important;background-image: url(https:\/\/www.marcegaglia.com.tr\/wp-content\/uploads\/2020\/10\/marcegaglia_poland-carbon-steel-flat-products-tubes-metal-building-home-products-applications-banner-1920&#215;306-1.jpg?id=13695) !important;background-position: center !important;background-repeat: no-repeat !important;background-size: cover !important;}&#8221; el_id=&#8221;resp&#8221;][vc_column css=&#8221;.vc_custom_1588592239658{background-position: center !important;background-repeat: no-repeat !important;background-size: cover !important;}&#8221; el_id=&#8221;resp&#8221; offset=&#8221;vc_hidden-lg vc_hidden-md&#8221;][vc_column_text]<\/p>\n<h1 style=\"text-align: center;\"><span style=\"color: #ffffff;\">T\u0130P\u0130K UYGULAMALAR<\/span><\/h1>\n<p>[\/vc_column_text][\/vc_column][\/vc_row][vc_row full_width=&#8221;stretch_row_content_no_spaces&#8221; equal_height=&#8221;yes&#8221; content_placement=&#8221;middle&#8221; css=&#8221;.vc_custom_1588178118120{background-position: center !important;background-repeat: no-repeat !important;background-size: cover !important;}&#8221; el_id=&#8221;desk&#8221;][vc_column width=&#8221;1\/2&#8243; css=&#8221;.vc_custom_1603193988641{padding-top: 5vh !important;padding-bottom: 5vh !important;background-image: url(https:\/\/www.marcegaglia.com.tr\/wp-content\/uploads\/2020\/04\/Marcegaglia-carbon-steel-flats-products-automotive-applications.jpg?id=7549) !important;background-position: center !important;background-repeat: no-repeat !important;background-size: cover !important;}&#8221; offset=&#8221;vc_col-lg-6 vc_col-md-12 vc_col-xs-12&#8243;][\/vc_column][vc_column width=&#8221;1\/2&#8243; offset=&#8221;vc_col-lg-6 vc_col-md-12 vc_col-xs-12&#8243;][vc_row_inner][vc_column_inner width=&#8221;1\/4&#8243;][\/vc_column_inner][vc_column_inner width=&#8221;1\/2&#8243;][vc_empty_space][vc_column_text]<\/p>\n<h3>PASLANMAZ \u00c7EL\u0130K D\u0130K\u0130\u015eL\u0130 BORULAR<\/h3>\n<p>[\/vc_column_text][vc_empty_space][vc_column_text]\u00c7elik yap\u0131 m\u00fckemmellik demektir.<br \/>\nMekanik \u00f6zellikler, estetik de\u011ferler ve dayan\u0131kl\u0131l\u0131k: paslanmaz \u00e7elik \u00e7a\u011fda\u015f mimari i\u00e7in tercih edilen \u00e7evre dostu bir malzemedir. Marcegaglia T\u00fcrkiye <strong>dekorasyon<\/strong> ve <strong>in\u015faat ama\u00e7l\u0131<\/strong> paslanmaz \u00e7elik yuvarlak boru ve kutu kesitleri \u00fcretmektedir[\/vc_column_text][vc_empty_space][\/vc_column_inner][vc_column_inner width=&#8221;1\/4&#8243;][\/vc_column_inner][\/vc_row_inner][\/vc_column][\/vc_row][vc_row full_width=&#8221;stretch_row_content_no_spaces&#8221; css=&#8221;.vc_custom_1588178286474{padding-top: 10vh !important;padding-bottom: 10vh !important;background-image: url(https:\/\/mmpolonia.studiochiesa.it\/wp-content\/uploads\/2020\/04\/Marcegaglia-carbon-steel-flats-products-automotive-applications.jpg?id=7549) !important;background-position: center !important;background-repeat: no-repeat !important;background-size: cover !important;}&#8221; el_id=&#8221;resp&#8221;][vc_column css=&#8221;.vc_custom_1588751239732{background-position: center !important;background-repeat: no-repeat !important;background-size: cover !important;}&#8221; offset=&#8221;vc_hidden-lg&#8221;][\/vc_column][\/vc_row][vc_row content_placement=&#8221;middle&#8221; css=&#8221;.vc_custom_1588755760166{background-position: center !important;background-repeat: no-repeat !important;background-size: cover !important;}&#8221; el_id=&#8221;resp&#8221;][vc_column css=&#8221;.vc_custom_1605622650663{padding-top: 5vh !important;padding-bottom: 5vh !important;background-position: center !important;background-repeat: no-repeat !important;background-size: cover !important;}&#8221; offset=&#8221;vc_hidden-lg&#8221;][vc_empty_space][vc_column_text]<\/p>\n<h3>PASLANMAZ \u00c7EL\u0130K D\u0130K\u0130\u015eL\u0130 BORULAR<\/h3>\n<p>[\/vc_column_text][vc_empty_space][vc_column_text]\u00c7elik yap\u0131 m\u00fckemmellik demektir.<br \/>\nMekanik \u00f6zellikler, estetik de\u011ferler ve dayan\u0131kl\u0131l\u0131k: paslanmaz \u00e7elik \u00e7a\u011fda\u015f mimari i\u00e7in tercih edilen \u00e7evre dostu bir malzemedir. Marcegaglia T\u00fcrkiye <strong>dekorasyon<\/strong> ve <strong>in\u015faat ama\u00e7l\u0131<\/strong> paslanmaz \u00e7elik yuvarlak boru ve kutu kesitleri \u00fcretmektedir[\/vc_column_text][vc_empty_space][\/vc_column][\/vc_row][vc_row full_width=&#8221;stretch_row_content_no_spaces&#8221; equal_height=&#8221;yes&#8221; content_placement=&#8221;middle&#8221; css=&#8221;.vc_custom_1588755724791{background-position: center !important;background-repeat: no-repeat !important;background-size: cover !important;}&#8221; el_id=&#8221;desk&#8221; el_class=&#8221;md-reverse&#8221;][vc_column width=&#8221;1\/2&#8243; css=&#8221;.vc_custom_1588775682344{background-position: center !important;background-repeat: no-repeat !important;background-size: cover !important;}&#8221; offset=&#8221;vc_hidden-sm vc_hidden-xs&#8221;][vc_row_inner][vc_column_inner width=&#8221;1\/4&#8243;][\/vc_column_inner][vc_column_inner width=&#8221;1\/2&#8243;][vc_empty_space][vc_column_text]<\/p>\n<h3>PASLANMAZ \u00c7EL\u0130K YUVARLAK KES\u0130TL\u0130 BORULAR<\/h3>\n<p>[\/vc_column_text][vc_empty_space][vc_column_text]Marcegaglia T\u00fcrkiye, <strong>TS EN 10296-2: 2006<\/strong> \u00fcretim standartlar\u0131na g\u00f6re <strong>mekanik ve genel m\u00fchendislik<\/strong> i\u00e7in \u00e7e\u015fitli <strong>paslanmaz \u00e7elik<\/strong> diki\u015fli yuvarlak kesitli boru \u00fcretmektedir.[\/vc_column_text][vc_empty_space][\/vc_column_inner][vc_column_inner width=&#8221;1\/4&#8243;][\/vc_column_inner][\/vc_row_inner][\/vc_column][vc_column width=&#8221;1\/2&#8243; css=&#8221;.vc_custom_1588752894154{padding-top: 5vh !important;padding-bottom: 5vh !important;background-image: url(https:\/\/mmpolonia.studiochiesa.it\/wp-content\/uploads\/2020\/04\/Marcegaglia-carbon-steel-flats-products-heating-applications.jpg?id=7550) !important;background-position: center !important;background-repeat: no-repeat !important;background-size: cover !important;}&#8221; offset=&#8221;vc_hidden-sm vc_hidden-xs&#8221;][\/vc_column][\/vc_row][vc_row full_width=&#8221;stretch_row_content_no_spaces&#8221; css=&#8221;.vc_custom_1588178376951{padding-top: 10vh !important;padding-bottom: 10vh !important;background-image: url(https:\/\/mmpolonia.studiochiesa.it\/wp-content\/uploads\/2020\/04\/Marcegaglia-carbon-steel-flats-products-heating-applications.jpg?id=7550) !important;background-position: center !important;background-repeat: no-repeat !important;background-size: cover !important;}&#8221; el_id=&#8221;resp&#8221;][vc_column css=&#8221;.vc_custom_1588752898822{background-position: center !important;background-repeat: no-repeat !important;background-size: cover !important;}&#8221; offset=&#8221;vc_hidden-lg vc_col-md-12&#8243;][\/vc_column][\/vc_row][vc_row content_placement=&#8221;middle&#8221; css=&#8221;.vc_custom_1588755534869{background-position: center !important;background-repeat: no-repeat !important;background-size: cover !important;}&#8221; el_id=&#8221;resp&#8221;][vc_column css=&#8221;.vc_custom_1605622657369{padding-top: 5vh !important;padding-bottom: 5vh !important;background-position: center !important;background-repeat: no-repeat !important;background-size: cover !important;}&#8221; offset=&#8221;vc_hidden-lg vc_col-md-12&#8243;][vc_empty_space][vc_column_text]<\/p>\n<h3>PASLANMAZ \u00c7EL\u0130K YUVARLAK KES\u0130TL\u0130 BORULAR<\/h3>\n<p>[\/vc_column_text][vc_empty_space][vc_column_text]Marcegaglia T\u00fcrkiye, <strong>TS EN 10296-2: 2006<\/strong> \u00fcretim standartlar\u0131na g\u00f6re <strong>mekanik ve genel m\u00fchendislik<\/strong> i\u00e7in \u00e7e\u015fitli <strong>paslanmaz \u00e7elik<\/strong> diki\u015fli yuvarlak kesitli boru \u00fcretmektedir.[\/vc_column_text][vc_empty_space][\/vc_column][\/vc_row][vc_row full_width=&#8221;stretch_row_content_no_spaces&#8221; equal_height=&#8221;yes&#8221; content_placement=&#8221;middle&#8221; css=&#8221;.vc_custom_1588178476333{background-position: center !important;background-repeat: no-repeat !important;background-size: cover !important;}&#8221; el_id=&#8221;desk&#8221;][vc_column width=&#8221;1\/2&#8243; css=&#8221;.vc_custom_1588178495675{padding-top: 5vh !important;padding-bottom: 5vh !important;background-image: url(https:\/\/mmpolonia.studiochiesa.it\/wp-content\/uploads\/2020\/04\/Marcegaglia-carbon-steel-flats-products-fitness-equipments.jpg?id=7551) !important;background-position: center !important;background-repeat: no-repeat !important;background-size: cover !important;}&#8221; offset=&#8221;vc_hidden-sm vc_hidden-xs&#8221;][\/vc_column][vc_column width=&#8221;1\/2&#8243; offset=&#8221;vc_hidden-sm vc_hidden-xs&#8221;][vc_row_inner][vc_column_inner width=&#8221;1\/4&#8243;][\/vc_column_inner][vc_column_inner width=&#8221;1\/2&#8243;][vc_empty_space][vc_column_text]<\/p>\n<h3>PASLANMAZ \u00c7EL\u0130K D\u0130K\u0130\u015eL\u0130 BORULAR<\/h3>\n<p>[\/vc_column_text][vc_empty_space][vc_column_text]Marcegaglia T\u00fcrkiye \u00fcr\u00fcn yelpazesi, g\u0131da ve s\u00fct end\u00fcstrisi, i\u00e7ilebilir su, kimyasal ve farmas\u00f6tik, petrol ve gaz, \u0131s\u0131 e\u015fanj\u00f6rleri, elektrik diren\u00e7leri ve mekanik uygulamalar gibi temel standartlara uygun olarak \u00fcretilen sertifikal\u0131 \u00fcr\u00fcnler i\u00e7ermektedir.[\/vc_column_text][vc_empty_space][\/vc_column_inner][vc_column_inner width=&#8221;1\/4&#8243;][\/vc_column_inner][\/vc_row_inner][\/vc_column][\/vc_row][vc_row full_width=&#8221;stretch_row_content_no_spaces&#8221; css=&#8221;.vc_custom_1588178646123{padding-top: 10vh !important;padding-bottom: 10vh !important;background-image: url(https:\/\/mmpolonia.studiochiesa.it\/wp-content\/uploads\/2020\/04\/Marcegaglia-carbon-steel-flats-products-fitness-equipments.jpg?id=7551) !important;background-position: center !important;background-repeat: no-repeat !important;background-size: cover !important;}&#8221; el_id=&#8221;resp&#8221;][vc_column css=&#8221;.vc_custom_1588178291850{background-position: center !important;background-repeat: no-repeat !important;background-size: cover !important;}&#8221; offset=&#8221;vc_hidden-lg vc_hidden-md&#8221;][\/vc_column][\/vc_row][vc_row content_placement=&#8221;middle&#8221; css=&#8221;.vc_custom_1588755539367{background-position: center !important;background-repeat: no-repeat !important;background-size: cover !important;}&#8221; el_id=&#8221;resp&#8221;][vc_column css=&#8221;.vc_custom_1605622662132{padding-top: 5vh !important;padding-bottom: 5vh !important;background-position: center !important;background-repeat: no-repeat !important;background-size: cover !important;}&#8221; offset=&#8221;vc_hidden-lg vc_hidden-md&#8221;][vc_empty_space][vc_column_text]<\/p>\n<h3>PASLANMAZ \u00c7EL\u0130K D\u0130K\u0130\u015eL\u0130 BORULAR<\/h3>\n<p>[\/vc_column_text][vc_empty_space][vc_column_text]Marcegaglia T\u00fcrkiye \u00fcr\u00fcn yelpazesi, g\u0131da ve s\u00fct end\u00fcstrisi, i\u00e7ilebilir su, kimyasal ve farmas\u00f6tik, petrol ve gaz, \u0131s\u0131 e\u015fanj\u00f6rleri, elektrik diren\u00e7leri ve mekanik uygulamalar gibi temel standartlara uygun olarak \u00fcretilen sertifikal\u0131 \u00fcr\u00fcnler i\u00e7ermektedir.[\/vc_column_text][vc_empty_space][\/vc_column][\/vc_row][vc_row full_width=&#8221;stretch_row_content_no_spaces&#8221; equal_height=&#8221;yes&#8221; content_placement=&#8221;middle&#8221; css=&#8221;.vc_custom_1588178654008{background-position: center !important;background-repeat: no-repeat !important;background-size: cover !important;}&#8221; el_id=&#8221;desk&#8221;][vc_column width=&#8221;1\/2&#8243; css=&#8221;.vc_custom_1588775726243{background-position: center !important;background-repeat: no-repeat !important;background-size: cover !important;}&#8221; offset=&#8221;vc_hidden-sm vc_hidden-xs&#8221;][vc_row_inner][vc_column_inner width=&#8221;1\/4&#8243;][\/vc_column_inner][vc_column_inner width=&#8221;1\/2&#8243;][vc_empty_space][vc_column_text]<\/p>\n<h3>PASLANMAZ \u00c7EL\u0130K D\u0130K\u0130\u015eL\u0130 BORULAR<\/h3>\n<p>[\/vc_column_text][vc_empty_space][vc_column_text]Marcegaglia\u2019n\u0131n otomotiv sekt\u00f6r\u00fcne sunduklar\u0131 aras\u0131nda <strong>egzoz sistemleri i\u00e7in borular<\/strong>, <strong>Hidroform uygulamalar\u0131 i\u00e7in borular<\/strong> ve <strong>otomotiv end\u00fcstrisindeki di\u011fer yap\u0131sal uygulamalar\u0131n \u00fcretimi i\u00e7in \u00f6zel \u015fekilli par\u00e7alar<\/strong> bulunmaktad\u0131r. Bu \u00e7ok \u00e7e\u015fitli \u00fcretimin hepsi d\u00fcnya \u00e7ap\u0131nda Marcegaglia paslanmaz \u00e7elik \u00fcretim tesislerinde tasarlan\u0131p \u00fcretiliyor.<br \/>\nT\u00fcrkiye, Rusya, Brezilya ve \u0130talya, 70\u2019ten fazla y\u00fcksek teknoloji boru \u00fcretim hatt\u0131na ev sahipli\u011fi yap\u0131yor.[\/vc_column_text][vc_empty_space][\/vc_column_inner][vc_column_inner width=&#8221;1\/4&#8243;][\/vc_column_inner][\/vc_row_inner][\/vc_column][vc_column width=&#8221;1\/2&#8243; css=&#8221;.vc_custom_1588178667496{padding-top: 5vh !important;padding-bottom: 5vh !important;background-image: url(https:\/\/mmpolonia.studiochiesa.it\/wp-content\/uploads\/2020\/04\/Marcegaglia-carbon-steel-tubes-products-heating-applications-1.jpg?id=7787) !important;background-position: center !important;background-repeat: no-repeat !important;background-size: cover !important;}&#8221; offset=&#8221;vc_hidden-sm vc_hidden-xs&#8221;][\/vc_column][\/vc_row][vc_row full_width=&#8221;stretch_row_content_no_spaces&#8221; css=&#8221;.vc_custom_1588178637285{padding-top: 10vh !important;padding-bottom: 10vh !important;background-image: url(https:\/\/mmpolonia.studiochiesa.it\/wp-content\/uploads\/2020\/04\/Marcegaglia-carbon-steel-tubes-products-heating-applications-1.jpg?id=7787) !important;background-position: center !important;background-repeat: no-repeat !important;background-size: cover !important;}&#8221; el_id=&#8221;resp&#8221;][vc_column css=&#8221;.vc_custom_1588178291850{background-position: center !important;background-repeat: no-repeat !important;background-size: cover !important;}&#8221; offset=&#8221;vc_hidden-lg vc_hidden-md&#8221;][\/vc_column][\/vc_row][vc_row content_placement=&#8221;middle&#8221; css=&#8221;.vc_custom_1588755545118{background-position: center !important;background-repeat: no-repeat !important;background-size: cover !important;}&#8221; el_id=&#8221;resp&#8221;][vc_column css=&#8221;.vc_custom_1605622667411{padding-top: 5vh !important;padding-bottom: 5vh !important;background-position: center !important;background-repeat: no-repeat !important;background-size: cover !important;}&#8221; offset=&#8221;vc_hidden-lg vc_hidden-md&#8221;][vc_empty_space][vc_column_text]<\/p>\n<h3>PASLANMAZ \u00c7EL\u0130K D\u0130K\u0130\u015eL\u0130 BORULAR<\/h3>\n<p>[\/vc_column_text][vc_empty_space][vc_column_text]Marcegaglia\u2019n\u0131n otomotiv sekt\u00f6r\u00fcne sunduklar\u0131 aras\u0131nda <strong>egzoz sistemleri i\u00e7in borular<\/strong>, <strong>Hidroform uygulamalar\u0131 i\u00e7in borular<\/strong> ve <strong>otomotiv end\u00fcstrisindeki di\u011fer yap\u0131sal uygulamalar\u0131n \u00fcretimi i\u00e7in \u00f6zel \u015fekilli par\u00e7alar<\/strong> bulunmaktad\u0131r. Bu \u00e7ok \u00e7e\u015fitli \u00fcretimin hepsi d\u00fcnya \u00e7ap\u0131nda Marcegaglia paslanmaz \u00e7elik \u00fcretim tesislerinde tasarlan\u0131p \u00fcretiliyor.<br \/>\nT\u00fcrkiye, Rusya, Brezilya ve \u0130talya, 70\u2019ten fazla y\u00fcksek teknoloji boru \u00fcretim hatt\u0131na ev sahipli\u011fi yap\u0131yor.[\/vc_column_text][vc_empty_space][\/vc_column][\/vc_row]<\/p>\n<\/div>","protected":false},"excerpt":{"rendered":"<p>[vc_row full_width=&#8221;stretch_row_content_no_spaces&#8221; css=&#8221;.vc_custom_1603194283518{background-image: url(https:\/\/www.marcegaglia.com.tr\/wp-content\/uploads\/2020\/10\/marcegaglia_poland-carbon-steel-flat-products-tubes-metal-building-home-products-applications-banner-1920&#215;306-1.jpg?id=13695) !important;background-position: center !important;background-repeat: no-repeat !important;background-size: cover !important;}&#8221; &#8230; <\/p>\n","protected":false},"author":1,"featured_media":0,"parent":0,"menu_order":0,"comment_status":"closed","ping_status":"closed","template":"","meta":{"footnotes":""},"class_list":["post-12490","page","type-page","status-publish","hentry"],"yoast_head":"<!-- This site is optimized with the Yoast SEO plugin v25.4 - https:\/\/yoast.com\/wordpress\/plugins\/seo\/ -->\n<title>Uygulamalar - Marcegaglia Turkey<\/title>\n<meta name=\"robots\" content=\"index, follow, max-snippet:-1, max-image-preview:large, max-video-preview:-1\" \/>\n<link rel=\"canonical\" href=\"https:\/\/www.marcegaglia.com.tr\/tr\/uygulamalar\/\" \/>\n<meta property=\"og:locale\" content=\"tr_TR\" \/>\n<meta property=\"og:type\" content=\"article\" \/>\n<meta property=\"og:title\" content=\"Uygulamalar - Marcegaglia Turkey\" \/>\n<meta property=\"og:description\" content=\"[vc_row full_width=&#8221;stretch_row_content_no_spaces&#8221; css=&#8221;.vc_custom_1603194283518{background-image: url(https:\/\/www.marcegaglia.com.tr\/wp-content\/uploads\/2020\/10\/marcegaglia_poland-carbon-steel-flat-products-tubes-metal-building-home-products-applications-banner-1920&#215;306-1.jpg?id=13695) !important;background-position: center !important;background-repeat: no-repeat !important;background-size: cover !important;}&#8221; ...\" \/>\n<meta property=\"og:url\" content=\"https:\/\/www.marcegaglia.com.tr\/tr\/uygulamalar\/\" \/>\n<meta property=\"og:site_name\" content=\"Marcegaglia Turkey\" \/>\n<meta property=\"article:modified_time\" content=\"2020-11-17T14:17:54+00:00\" \/>\n<meta name=\"twitter:card\" content=\"summary_large_image\" \/>\n<meta name=\"twitter:label1\" content=\"Tahmini okuma s\u00fcresi\" \/>\n\t<meta name=\"twitter:data1\" content=\"8 dakika\" \/>\n<script type=\"application\/ld+json\" class=\"yoast-schema-graph\">{\"@context\":\"https:\/\/schema.org\",\"@graph\":[{\"@type\":\"WebPage\",\"@id\":\"https:\/\/www.marcegaglia.com.tr\/tr\/uygulamalar\/\",\"url\":\"https:\/\/www.marcegaglia.com.tr\/tr\/uygulamalar\/\",\"name\":\"Uygulamalar - Marcegaglia Turkey\",\"isPartOf\":{\"@id\":\"https:\/\/www.marcegaglia.com.tr\/tr\/#website\"},\"datePublished\":\"2020-05-14T09:27:40+00:00\",\"dateModified\":\"2020-11-17T14:17:54+00:00\",\"breadcrumb\":{\"@id\":\"https:\/\/www.marcegaglia.com.tr\/tr\/uygulamalar\/#breadcrumb\"},\"inLanguage\":\"tr\",\"potentialAction\":[{\"@type\":\"ReadAction\",\"target\":[\"https:\/\/www.marcegaglia.com.tr\/tr\/uygulamalar\/\"]}]},{\"@type\":\"BreadcrumbList\",\"@id\":\"https:\/\/www.marcegaglia.com.tr\/tr\/uygulamalar\/#breadcrumb\",\"itemListElement\":[{\"@type\":\"ListItem\",\"position\":1,\"name\":\"Home\",\"item\":\"https:\/\/www.marcegaglia.com.tr\/tr\/\"},{\"@type\":\"ListItem\",\"position\":2,\"name\":\"Uygulamalar\"}]},{\"@type\":\"WebSite\",\"@id\":\"https:\/\/www.marcegaglia.com.tr\/tr\/#website\",\"url\":\"https:\/\/www.marcegaglia.com.tr\/tr\/\",\"name\":\"Marcegaglia Turkey\",\"description\":\"We give shape to steel\",\"potentialAction\":[{\"@type\":\"SearchAction\",\"target\":{\"@type\":\"EntryPoint\",\"urlTemplate\":\"https:\/\/www.marcegaglia.com.tr\/tr\/?s={search_term_string}\"},\"query-input\":{\"@type\":\"PropertyValueSpecification\",\"valueRequired\":true,\"valueName\":\"search_term_string\"}}],\"inLanguage\":\"tr\"}]}<\/script>\n<!-- \/ Yoast SEO plugin. -->","yoast_head_json":{"title":"Uygulamalar - Marcegaglia Turkey","robots":{"index":"index","follow":"follow","max-snippet":"max-snippet:-1","max-image-preview":"max-image-preview:large","max-video-preview":"max-video-preview:-1"},"canonical":"https:\/\/www.marcegaglia.com.tr\/tr\/uygulamalar\/","og_locale":"tr_TR","og_type":"article","og_title":"Uygulamalar - Marcegaglia Turkey","og_description":"[vc_row full_width=&#8221;stretch_row_content_no_spaces&#8221; css=&#8221;.vc_custom_1603194283518{background-image: url(https:\/\/www.marcegaglia.com.tr\/wp-content\/uploads\/2020\/10\/marcegaglia_poland-carbon-steel-flat-products-tubes-metal-building-home-products-applications-banner-1920&#215;306-1.jpg?id=13695) !important;background-position: center !important;background-repeat: no-repeat !important;background-size: cover !important;}&#8221; ...","og_url":"https:\/\/www.marcegaglia.com.tr\/tr\/uygulamalar\/","og_site_name":"Marcegaglia Turkey","article_modified_time":"2020-11-17T14:17:54+00:00","twitter_card":"summary_large_image","twitter_misc":{"Tahmini okuma s\u00fcresi":"8 dakika"},"schema":{"@context":"https:\/\/schema.org","@graph":[{"@type":"WebPage","@id":"https:\/\/www.marcegaglia.com.tr\/tr\/uygulamalar\/","url":"https:\/\/www.marcegaglia.com.tr\/tr\/uygulamalar\/","name":"Uygulamalar - Marcegaglia Turkey","isPartOf":{"@id":"https:\/\/www.marcegaglia.com.tr\/tr\/#website"},"datePublished":"2020-05-14T09:27:40+00:00","dateModified":"2020-11-17T14:17:54+00:00","breadcrumb":{"@id":"https:\/\/www.marcegaglia.com.tr\/tr\/uygulamalar\/#breadcrumb"},"inLanguage":"tr","potentialAction":[{"@type":"ReadAction","target":["https:\/\/www.marcegaglia.com.tr\/tr\/uygulamalar\/"]}]},{"@type":"BreadcrumbList","@id":"https:\/\/www.marcegaglia.com.tr\/tr\/uygulamalar\/#breadcrumb","itemListElement":[{"@type":"ListItem","position":1,"name":"Home","item":"https:\/\/www.marcegaglia.com.tr\/tr\/"},{"@type":"ListItem","position":2,"name":"Uygulamalar"}]},{"@type":"WebSite","@id":"https:\/\/www.marcegaglia.com.tr\/tr\/#website","url":"https:\/\/www.marcegaglia.com.tr\/tr\/","name":"Marcegaglia Turkey","description":"We give shape to steel","potentialAction":[{"@type":"SearchAction","target":{"@type":"EntryPoint","urlTemplate":"https:\/\/www.marcegaglia.com.tr\/tr\/?s={search_term_string}"},"query-input":{"@type":"PropertyValueSpecification","valueRequired":true,"valueName":"search_term_string"}}],"inLanguage":"tr"}]}},"_links":{"self":[{"href":"https:\/\/www.marcegaglia.com.tr\/tr\/wp-json\/wp\/v2\/pages\/12490","targetHints":{"allow":["GET"]}}],"collection":[{"href":"https:\/\/www.marcegaglia.com.tr\/tr\/wp-json\/wp\/v2\/pages"}],"about":[{"href":"https:\/\/www.marcegaglia.com.tr\/tr\/wp-json\/wp\/v2\/types\/page"}],"author":[{"embeddable":true,"href":"https:\/\/www.marcegaglia.com.tr\/tr\/wp-json\/wp\/v2\/users\/1"}],"replies":[{"embeddable":true,"href":"https:\/\/www.marcegaglia.com.tr\/tr\/wp-json\/wp\/v2\/comments?post=12490"}],"version-history":[{"count":5,"href":"https:\/\/www.marcegaglia.com.tr\/tr\/wp-json\/wp\/v2\/pages\/12490\/revisions"}],"predecessor-version":[{"id":13881,"href":"https:\/\/www.marcegaglia.com.tr\/tr\/wp-json\/wp\/v2\/pages\/12490\/revisions\/13881"}],"wp:attachment":[{"href":"https:\/\/www.marcegaglia.com.tr\/tr\/wp-json\/wp\/v2\/media?parent=12490"}],"curies":[{"name":"wp","href":"https:\/\/api.w.org\/{rel}","templated":true}]}}