{"id":12494,"date":"2020-05-06T09:25:13","date_gmt":"2020-05-06T09:25:13","guid":{"rendered":"https:\/\/www.marcegaglia.com.tr\/news\/"},"modified":"2020-10-22T13:35:49","modified_gmt":"2020-10-22T13:35:49","slug":"haberler","status":"publish","type":"page","link":"https:\/\/www.marcegaglia.com.tr\/tr\/haberler\/","title":{"rendered":"Haberler"},"content":{"rendered":"<div class=\"wpb-content-wrapper\"><p>[vc_row full_width=&#8221;stretch_row_content_no_spaces&#8221; css=&#8221;.vc_custom_1603189765653{margin-bottom: 2em !important;background-image: url(https:\/\/www.marcegaglia.com.tr\/wp-content\/uploads\/2020\/10\/Marcegaglia-NEWS-banner-1.jpg?id=13689) !important;background-position: center !important;background-repeat: no-repeat !important;background-size: cover !important;}&#8221; el_id=&#8221;desk&#8221;][vc_column css=&#8221;.vc_custom_1588591974425{padding-top: 10em !important;padding-bottom: 10em !important;background-position: center !important;background-repeat: no-repeat !important;background-size: cover !important;}&#8221; el_id=&#8221;desk&#8221; offset=&#8221;vc_hidden-sm vc_hidden-xs&#8221;][\/vc_column][\/vc_row][vc_row full_width=&#8221;stretch_row_content_no_spaces&#8221; css=&#8221;.vc_custom_1603189777475{margin-bottom: 2em !important;padding-top: 5em !important;padding-bottom: 5em !important;background-image: url(https:\/\/www.marcegaglia.com.tr\/wp-content\/uploads\/2020\/10\/Marcegaglia-NEWS-banner_1400x700.jpg?id=13682) !important;background-position: center !important;background-repeat: no-repeat !important;background-size: cover !important;}&#8221; el_id=&#8221;resp&#8221;][vc_column css=&#8221;.vc_custom_1588592239658{background-position: center !important;background-repeat: no-repeat !important;background-size: cover !important;}&#8221; el_id=&#8221;resp&#8221; offset=&#8221;vc_hidden-lg vc_hidden-md&#8221;][\/vc_column][\/vc_row][vc_row css=&#8221;.vc_custom_1587038350979{margin-bottom: 2em !important;}&#8221; el_id=&#8221;news_desk&#8221;][vc_column][vc_column_text]<\/p>\n<h2 style=\"text-align: left;\"><span style=\"color: #26303a;\">HABERLER<\/span><\/h2>\n<p>[\/vc_column_text][vc_empty_space]<div id=\"cz_30933\" class=\"cz_30933\"><div class=\"cz_grid cz_grid_1 clr cz_posts_list_1 cz_grid_1_title_sub_after cz_grid_1_has_excerpt cz_grid_1_bot tal\" data-atts='{\"action\":\"cz_ajax_posts\",\"post_class\":\"cz_grid_item\",\"post__in\":null,\"author__in\":null,\"nonce\":\"15cc1ffac1\",\"nonce_id\":\"cz_30933\",\"loadmore_end\":\"\",\"layout\":\"cz_posts_list_1\",\"hover\":\"cz_grid_1_title_sub_after cz_grid_1_has_excerpt\",\"image_size\":\"codevz_360_320\",\"subtitles\":\"%5B%7B%22t%22%3A%22date%22%7D%5D\",\"subtitle_pos\":\"\",\"icon\":\"\",\"el\":\"\",\"title_lenght\":\"\",\"cat_tax\":\"category\",\"cat\":\"\",\"cat_exclude\":\"12, 13\",\"tag_tax\":\"post_tag\",\"tag_id\":\"\",\"tag_exclude\":\"\",\"post_type\":\"post\",\"posts_per_page\":\"4\",\"order\":\"DESC\",\"orderby\":\"date\",\"tilt_data\":null,\"svg_sizes\":[\"360\",\"320\"],\"img_fx\":\"\",\"custom_size\":\"\",\"excerpt_rm\":\"true\",\"title_tag\":\"h3\",\"s\":\"\"}' data-animation=\"cz_grid_anim_move_right\"><div class=\"cz_grid_item cz_grid_first\"><\/div><div data-id=\"14619\" class=\"cz_grid_item  cz_posts_list_even 14619 post-14619 post type-post status-publish format-standard has-post-thumbnail hentry category-company-tr\"><div class=\"clr\"><a class=\"cz_grid_link\" href=\"https:\/\/www.marcegaglia.com.tr\/tr\/marcegaglia-gelecek-celikte-bunu-ssw-maastrichtte-bizimle-kesfedin\/\" title=\"Marcegaglia: Gelecek \u00c7elikte. Bunu SSW Maastricht\u2019te Bizimle Ke\u015ffedin.\"><img decoding=\"async\" width=\"360\" height=\"320\" src=\"https:\/\/www.marcegaglia.com.tr\/wp-content\/uploads\/2025\/12\/SSW-News-360x320.jpg\" class=\"attachment-codevz_360_320\" alt=\"\" title=\"SSW-News\" \/><div class=\"cz_grid_details\"><i class=\" cz_grid_icon\"><\/i><\/div><\/a><div class=\"cz_grid_details cz_grid_details_outside\"><a class=\"cz_grid_title\" href=\"https:\/\/www.marcegaglia.com.tr\/tr\/marcegaglia-gelecek-celikte-bunu-ssw-maastrichtte-bizimle-kesfedin\/\"><h3>Marcegaglia: Gelecek \u00c7elikte. Bunu SSW Maastricht\u2019te Bizimle Ke\u015ffedin.<\/h3><\/a><small class=\"clr\"><span class=\"cz_post_data cz_data_date\"><a href=\"https:\/\/www.marcegaglia.com.tr\/tr\/marcegaglia-gelecek-celikte-bunu-ssw-maastrichtte-bizimle-kesfedin\/\" aria-label=\"Post date\">Ekim 27, 2025<\/a><\/span><\/small><div class=\"cz_post_excerpt\">Marcegaglia SSW Maastricht 2025\u2019te: paslanmaz \u00e7elik borularda lider \u00e7\u00f6z\u00fcmler, ileri teknoloji ve s\u00fcrd\u00fcr\u00fclebilir bir \u00fcretim zinciri. ...<a class=\"cz_readmore\" href=\"https:\/\/www.marcegaglia.com.tr\/tr\/marcegaglia-gelecek-celikte-bunu-ssw-maastrichtte-bizimle-kesfedin\/\"><i class=\"fa czico-188-arrows-2\" aria-hidden=\"true\"><\/i><span>Read More<\/span><\/a><\/div><\/div><\/div><\/div><div data-id=\"14612\" class=\"cz_grid_item  cz_posts_list_odd 14612 post-14612 post type-post status-publish format-standard has-post-thumbnail hentry category-company-tr category-uncategorized-tr\"><div class=\"clr\"><a class=\"cz_grid_link\" href=\"https:\/\/www.marcegaglia.com.tr\/tr\/gercekten-hayal-kuran-harekete-gecer\/\" title=\"Ger\u00e7ekten hayal kuran, harekete ge\u00e7er\"><img decoding=\"async\" width=\"360\" height=\"320\" src=\"https:\/\/www.marcegaglia.com.tr\/wp-content\/uploads\/2025\/10\/Marcegaglia-Dreamers-news-360x320.jpg\" class=\"attachment-codevz_360_320\" alt=\"\" title=\"Marcegaglia-Dreamers-news\" \/><div class=\"cz_grid_details\"><i class=\" cz_grid_icon\"><\/i><\/div><\/a><div class=\"cz_grid_details cz_grid_details_outside\"><a class=\"cz_grid_title\" href=\"https:\/\/www.marcegaglia.com.tr\/tr\/gercekten-hayal-kuran-harekete-gecer\/\"><h3>Ger\u00e7ekten hayal kuran, harekete ge\u00e7er<\/h3><\/a><small class=\"clr\"><span class=\"cz_post_data cz_data_date\"><a href=\"https:\/\/www.marcegaglia.com.tr\/tr\/gercekten-hayal-kuran-harekete-gecer\/\" aria-label=\"Post date\">Ekim 1, 2025<\/a><\/span><\/small><div class=\"cz_post_excerpt\">Dreamers Toplulu\u011fu: Antonio Marcegaglia, gen\u00e7leri hayallerini ger\u00e7e\u011fe d\u00f6n\u00fc\u015ft\u00fcrmeye ve cesaretle harekete ge\u00e7meye te\u015fvik ediyor. ...<a class=\"cz_readmore\" href=\"https:\/\/www.marcegaglia.com.tr\/tr\/gercekten-hayal-kuran-harekete-gecer\/\"><i class=\"fa czico-188-arrows-2\" aria-hidden=\"true\"><\/i><span>Read More<\/span><\/a><\/div><\/div><\/div><\/div><div data-id=\"14597\" class=\"cz_grid_item  cz_posts_list_even 14597 post-14597 post type-post status-publish format-standard has-post-thumbnail hentry category-company-tr category-uncategorized-tr\"><div class=\"clr\"><a class=\"cz_grid_link\" href=\"https:\/\/www.marcegaglia.com.tr\/tr\/international-stainless-special-steel-conference-2025\/\" title=\"International Stainless &#038; Special Steel Conference 2025\"><img decoding=\"async\" width=\"360\" height=\"320\" src=\"https:\/\/www.marcegaglia.com.tr\/wp-content\/uploads\/2025\/09\/SMR-2025-1536x1024-1-360x320.jpg\" class=\"attachment-codevz_360_320\" alt=\"\" title=\"SMR-2025-1536x1024\" \/><div class=\"cz_grid_details\"><i class=\" cz_grid_icon\"><\/i><\/div><\/a><div class=\"cz_grid_details cz_grid_details_outside\"><a class=\"cz_grid_title\" href=\"https:\/\/www.marcegaglia.com.tr\/tr\/international-stainless-special-steel-conference-2025\/\"><h3>International Stainless &#038; Special Steel Conference 2025<\/h3><\/a><small class=\"clr\"><span class=\"cz_post_data cz_data_date\"><a href=\"https:\/\/www.marcegaglia.com.tr\/tr\/international-stainless-special-steel-conference-2025\/\" aria-label=\"Post date\">Eyl\u00fcl 22, 2025<\/a><\/span><\/small><div class=\"cz_post_excerpt\">From 24 to 27 May 2023 Marcegaglia Turkiye will be exhibitor at Tube & Steel, the 2nd pipe, profile, wire, steel manufacturing and technologies specialized fair organized by T\u00fcyap T\u00fcm Fuarc\u0131l\u0131k Yap\u0131m Inc. in Istanbul. ...<a class=\"cz_readmore\" href=\"https:\/\/www.marcegaglia.com.tr\/tr\/international-stainless-special-steel-conference-2025\/\"><i class=\"fa czico-188-arrows-2\" aria-hidden=\"true\"><\/i><span>Read More<\/span><\/a><\/div><\/div><\/div><\/div><div data-id=\"14581\" class=\"cz_grid_item  cz_posts_list_odd 14581 post-14581 post type-post status-publish format-standard has-post-thumbnail hentry category-company-tr\"><div class=\"clr\"><a class=\"cz_grid_link\" href=\"https:\/\/www.marcegaglia.com.tr\/tr\/antonio-marcegaglia-marcegaglia-turkeynin-ergene-tesisinde-karsilandi\/\" title=\"Antonio Marcegaglia, Marcegaglia Turkey\u2019nin Ergene Tesisinde Kar\u015f\u0131land\u0131\"><img decoding=\"async\" width=\"360\" height=\"320\" src=\"https:\/\/www.marcegaglia.com.tr\/wp-content\/uploads\/2025\/09\/Antonio-Marcegaglia-Turkey-news-360x320.jpg\" class=\"attachment-codevz_360_320\" alt=\"\" title=\"Antonio-Marcegaglia-Turkey-news\" \/><div class=\"cz_grid_details\"><i class=\" cz_grid_icon\"><\/i><\/div><\/a><div class=\"cz_grid_details cz_grid_details_outside\"><a class=\"cz_grid_title\" href=\"https:\/\/www.marcegaglia.com.tr\/tr\/antonio-marcegaglia-marcegaglia-turkeynin-ergene-tesisinde-karsilandi\/\"><h3>Antonio Marcegaglia, Marcegaglia Turkey\u2019nin Ergene Tesisinde Kar\u015f\u0131land\u0131<\/h3><\/a><small class=\"clr\"><span class=\"cz_post_data cz_data_date\"><a href=\"https:\/\/www.marcegaglia.com.tr\/tr\/antonio-marcegaglia-marcegaglia-turkeynin-ergene-tesisinde-karsilandi\/\" aria-label=\"Post date\">Eyl\u00fcl 18, 2025<\/a><\/span><\/small><div class=\"cz_post_excerpt\">From 24 to 27 May 2023 Marcegaglia Turkiye will be exhibitor at Tube & Steel, the 2nd pipe, profile, wire, steel manufacturing and technologies specialized fair organized by T\u00fcyap T\u00fcm Fuarc\u0131l\u0131k Yap\u0131m Inc. in Istanbul. ...<a class=\"cz_readmore\" href=\"https:\/\/www.marcegaglia.com.tr\/tr\/antonio-marcegaglia-marcegaglia-turkeynin-ergene-tesisinde-karsilandi\/\"><i class=\"fa czico-188-arrows-2\" aria-hidden=\"true\"><\/i><span>Read More<\/span><\/a><\/div><\/div><\/div><\/div><\/div><div class=\"cz_ajax_pagination clr cz_ajax_loadmore tac\"><a href=\"#\">Load More<\/a><\/div><\/div>[\/vc_column][\/vc_row]<\/p>\n<\/div>","protected":false},"excerpt":{"rendered":"<p>[vc_row full_width=&#8221;stretch_row_content_no_spaces&#8221; css=&#8221;.vc_custom_1603189765653{margin-bottom: 2em !important;background-image: url(https:\/\/www.marcegaglia.com.tr\/wp-content\/uploads\/2020\/10\/Marcegaglia-NEWS-banner-1.jpg?id=13689) !important;background-position: center !important;background-repeat: no-repeat !important;background-size: cover !important;}&#8221; el_id=&#8221;desk&#8221;][vc_column css=&#8221;.vc_custom_1588591974425{padding-top: 10em !important;padding-bottom: 10em !important;background-position: center &#8230; <a class=\"cz_readmore\" href=\"https:\/\/www.marcegaglia.com.tr\/tr\/antonio-marcegaglia-marcegaglia-turkeynin-ergene-tesisinde-karsilandi\/\"><i class=\"fa czico-188-arrows-2\" aria-hidden=\"true\"><\/i><span>Read More<\/span><\/a><\/p>\n","protected":false},"author":1,"featured_media":0,"parent":0,"menu_order":0,"comment_status":"closed","ping_status":"closed","template":"","meta":{"footnotes":""},"class_list":["post-12494","page","type-page","status-publish","hentry"],"yoast_head":"<!-- This site is optimized with the Yoast SEO plugin v25.4 - https:\/\/yoast.com\/wordpress\/plugins\/seo\/ -->\n<title>Haberler - Marcegaglia Turkey<\/title>\n<meta name=\"robots\" content=\"index, follow, max-snippet:-1, max-image-preview:large, max-video-preview:-1\" \/>\n<link rel=\"canonical\" href=\"https:\/\/www.marcegaglia.com.tr\/tr\/haberler\/\" \/>\n<meta property=\"og:locale\" content=\"tr_TR\" \/>\n<meta property=\"og:type\" content=\"article\" \/>\n<meta property=\"og:title\" content=\"Haberler - Marcegaglia Turkey\" \/>\n<meta property=\"og:description\" content=\"[vc_row full_width=&#8221;stretch_row_content_no_spaces&#8221; css=&#8221;.vc_custom_1603189765653{margin-bottom: 2em !important;background-image: url(https:\/\/www.marcegaglia.com.tr\/wp-content\/uploads\/2020\/10\/Marcegaglia-NEWS-banner-1.jpg?id=13689) !important;background-position: center !important;background-repeat: no-repeat !important;background-size: cover !important;}&#8221; el_id=&#8221;desk&#8221;][vc_column css=&#8221;.vc_custom_1588591974425{padding-top: 10em !important;padding-bottom: 10em !important;background-position: center ... Read More\" \/>\n<meta property=\"og:url\" content=\"https:\/\/www.marcegaglia.com.tr\/tr\/haberler\/\" \/>\n<meta property=\"og:site_name\" content=\"Marcegaglia Turkey\" \/>\n<meta property=\"article:modified_time\" content=\"2020-10-22T13:35:49+00:00\" \/>\n<meta name=\"twitter:card\" content=\"summary_large_image\" \/>\n<meta name=\"twitter:label1\" content=\"Tahmini okuma s\u00fcresi\" \/>\n\t<meta name=\"twitter:data1\" content=\"1 dakika\" \/>\n<script type=\"application\/ld+json\" class=\"yoast-schema-graph\">{\"@context\":\"https:\/\/schema.org\",\"@graph\":[{\"@type\":\"WebPage\",\"@id\":\"https:\/\/www.marcegaglia.com.tr\/tr\/haberler\/\",\"url\":\"https:\/\/www.marcegaglia.com.tr\/tr\/haberler\/\",\"name\":\"Haberler - Marcegaglia Turkey\",\"isPartOf\":{\"@id\":\"https:\/\/www.marcegaglia.com.tr\/tr\/#website\"},\"datePublished\":\"2020-05-06T09:25:13+00:00\",\"dateModified\":\"2020-10-22T13:35:49+00:00\",\"breadcrumb\":{\"@id\":\"https:\/\/www.marcegaglia.com.tr\/tr\/haberler\/#breadcrumb\"},\"inLanguage\":\"tr\",\"potentialAction\":[{\"@type\":\"ReadAction\",\"target\":[\"https:\/\/www.marcegaglia.com.tr\/tr\/haberler\/\"]}]},{\"@type\":\"BreadcrumbList\",\"@id\":\"https:\/\/www.marcegaglia.com.tr\/tr\/haberler\/#breadcrumb\",\"itemListElement\":[{\"@type\":\"ListItem\",\"position\":1,\"name\":\"Home\",\"item\":\"https:\/\/www.marcegaglia.com.tr\/tr\/\"},{\"@type\":\"ListItem\",\"position\":2,\"name\":\"Haberler\"}]},{\"@type\":\"WebSite\",\"@id\":\"https:\/\/www.marcegaglia.com.tr\/tr\/#website\",\"url\":\"https:\/\/www.marcegaglia.com.tr\/tr\/\",\"name\":\"Marcegaglia Turkey\",\"description\":\"We give shape to steel\",\"potentialAction\":[{\"@type\":\"SearchAction\",\"target\":{\"@type\":\"EntryPoint\",\"urlTemplate\":\"https:\/\/www.marcegaglia.com.tr\/tr\/?s={search_term_string}\"},\"query-input\":{\"@type\":\"PropertyValueSpecification\",\"valueRequired\":true,\"valueName\":\"search_term_string\"}}],\"inLanguage\":\"tr\"}]}<\/script>\n<!-- \/ Yoast SEO plugin. -->","yoast_head_json":{"title":"Haberler - Marcegaglia Turkey","robots":{"index":"index","follow":"follow","max-snippet":"max-snippet:-1","max-image-preview":"max-image-preview:large","max-video-preview":"max-video-preview:-1"},"canonical":"https:\/\/www.marcegaglia.com.tr\/tr\/haberler\/","og_locale":"tr_TR","og_type":"article","og_title":"Haberler - Marcegaglia Turkey","og_description":"[vc_row full_width=&#8221;stretch_row_content_no_spaces&#8221; css=&#8221;.vc_custom_1603189765653{margin-bottom: 2em !important;background-image: url(https:\/\/www.marcegaglia.com.tr\/wp-content\/uploads\/2020\/10\/Marcegaglia-NEWS-banner-1.jpg?id=13689) !important;background-position: center !important;background-repeat: no-repeat !important;background-size: cover !important;}&#8221; el_id=&#8221;desk&#8221;][vc_column css=&#8221;.vc_custom_1588591974425{padding-top: 10em !important;padding-bottom: 10em !important;background-position: center ... Read More","og_url":"https:\/\/www.marcegaglia.com.tr\/tr\/haberler\/","og_site_name":"Marcegaglia Turkey","article_modified_time":"2020-10-22T13:35:49+00:00","twitter_card":"summary_large_image","twitter_misc":{"Tahmini okuma s\u00fcresi":"1 dakika"},"schema":{"@context":"https:\/\/schema.org","@graph":[{"@type":"WebPage","@id":"https:\/\/www.marcegaglia.com.tr\/tr\/haberler\/","url":"https:\/\/www.marcegaglia.com.tr\/tr\/haberler\/","name":"Haberler - Marcegaglia Turkey","isPartOf":{"@id":"https:\/\/www.marcegaglia.com.tr\/tr\/#website"},"datePublished":"2020-05-06T09:25:13+00:00","dateModified":"2020-10-22T13:35:49+00:00","breadcrumb":{"@id":"https:\/\/www.marcegaglia.com.tr\/tr\/haberler\/#breadcrumb"},"inLanguage":"tr","potentialAction":[{"@type":"ReadAction","target":["https:\/\/www.marcegaglia.com.tr\/tr\/haberler\/"]}]},{"@type":"BreadcrumbList","@id":"https:\/\/www.marcegaglia.com.tr\/tr\/haberler\/#breadcrumb","itemListElement":[{"@type":"ListItem","position":1,"name":"Home","item":"https:\/\/www.marcegaglia.com.tr\/tr\/"},{"@type":"ListItem","position":2,"name":"Haberler"}]},{"@type":"WebSite","@id":"https:\/\/www.marcegaglia.com.tr\/tr\/#website","url":"https:\/\/www.marcegaglia.com.tr\/tr\/","name":"Marcegaglia Turkey","description":"We give shape to steel","potentialAction":[{"@type":"SearchAction","target":{"@type":"EntryPoint","urlTemplate":"https:\/\/www.marcegaglia.com.tr\/tr\/?s={search_term_string}"},"query-input":{"@type":"PropertyValueSpecification","valueRequired":true,"valueName":"search_term_string"}}],"inLanguage":"tr"}]}},"_links":{"self":[{"href":"https:\/\/www.marcegaglia.com.tr\/tr\/wp-json\/wp\/v2\/pages\/12494","targetHints":{"allow":["GET"]}}],"collection":[{"href":"https:\/\/www.marcegaglia.com.tr\/tr\/wp-json\/wp\/v2\/pages"}],"about":[{"href":"https:\/\/www.marcegaglia.com.tr\/tr\/wp-json\/wp\/v2\/types\/page"}],"author":[{"embeddable":true,"href":"https:\/\/www.marcegaglia.com.tr\/tr\/wp-json\/wp\/v2\/users\/1"}],"replies":[{"embeddable":true,"href":"https:\/\/www.marcegaglia.com.tr\/tr\/wp-json\/wp\/v2\/comments?post=12494"}],"version-history":[{"count":5,"href":"https:\/\/www.marcegaglia.com.tr\/tr\/wp-json\/wp\/v2\/pages\/12494\/revisions"}],"predecessor-version":[{"id":13705,"href":"https:\/\/www.marcegaglia.com.tr\/tr\/wp-json\/wp\/v2\/pages\/12494\/revisions\/13705"}],"wp:attachment":[{"href":"https:\/\/www.marcegaglia.com.tr\/tr\/wp-json\/wp\/v2\/media?parent=12494"}],"curies":[{"name":"wp","href":"https:\/\/api.w.org\/{rel}","templated":true}]}}