{"id":13045,"date":"2020-06-16T14:06:49","date_gmt":"2020-06-16T14:06:49","guid":{"rendered":"https:\/\/www.marcegaglia.com.tr\/?page_id=13045"},"modified":"2024-02-28T14:54:49","modified_gmt":"2024-02-28T14:54:49","slug":"ergene-fabrikasi","status":"publish","type":"page","link":"https:\/\/www.marcegaglia.com.tr\/tr\/ergene-fabrikasi\/","title":{"rendered":"Ergene fabrikasi"},"content":{"rendered":"<div class=\"wpb-content-wrapper\"><p>[vc_row full_width=&#8221;stretch_row_content_no_spaces&#8221; css=&#8221;.vc_custom_1591709774867{margin-bottom: 2em !important;background-image: url(https:\/\/www.marcegaglia.com.tr\/wp-content\/uploads\/2020\/06\/Marcegaglia-Specialties-Turkey-Ergene-plant-banner-1920&#215;306-1.jpg?id=13050) !important;background-position: center !important;background-repeat: no-repeat !important;background-size: cover !important;}&#8221; el_id=&#8221;desk&#8221;][vc_column css=&#8221;.vc_custom_1588591974425{padding-top: 10em !important;padding-bottom: 10em !important;background-position: center !important;background-repeat: no-repeat !important;background-size: cover !important;}&#8221; el_id=&#8221;desk&#8221; offset=&#8221;vc_hidden-sm vc_hidden-xs&#8221;][\/vc_column][\/vc_row][vc_row full_width=&#8221;stretch_row_content_no_spaces&#8221; css=&#8221;.vc_custom_1591709786672{margin-bottom: 2em !important;padding-top: 5em !important;padding-bottom: 5em !important;background-image: url(https:\/\/www.marcegaglia.com.tr\/wp-content\/uploads\/2020\/06\/Marcegaglia-Specialties-Turkey-Ergene-plant-banner-1400&#215;700-1.jpg?id=13048) !important;background-position: center !important;background-repeat: no-repeat !important;background-size: cover !important;}&#8221; el_id=&#8221;resp&#8221;][vc_column css=&#8221;.vc_custom_1588592239658{background-position: center !important;background-repeat: no-repeat !important;background-size: cover !important;}&#8221; el_id=&#8221;resp&#8221; offset=&#8221;vc_hidden-lg vc_hidden-md&#8221;][\/vc_column][\/vc_row][vc_row full_width=&#8221;stretch_row&#8221; css=&#8221;.vc_custom_1585745297547{margin-bottom: 2em !important;background-position: center !important;background-repeat: no-repeat !important;background-size: cover !important;}&#8221;][vc_column width=&#8221;1\/2&#8243; el_id=&#8221;desc_impianto&#8221;][vc_column_text]<\/p>\n<h3>ERGENE FABRIKASI<\/h3>\n<p>Marcegaglia, Tekirda\u011f, Ergene&#8217;de, 43.000 m2&#8217;lik alanda, y\u0131lda 12.000 ton \u00fcretim kapasitesine sahip paslanmaz \u00e7elik diki\u015fli yuvarlak ve kutu kesitli borular\u0131n \u00fcretimi i\u00e7in yeni tesisini kurdu. Marcegalia T\u00fcrkiye, Atasehir, \u0130stanbul&#8217;daki sat\u0131\u015f ofisinin deste\u011fi ile de m\u00fc\u015fteri memnuniyetini ama\u00e7layan bir tak\u0131m aktivitelerini s\u00fcrd\u00fcr\u00fcyor.[\/vc_column_text][\/vc_column][vc_column width=&#8221;1\/2&#8243;]<div id=\"cz_15837\" class=\"cz_15837 slick arrows_mlr no_dots arrows_inner\" data-slick='{\"selector\":\"\",\"slidesToShow\":1,\"slidesToScroll\":1,\"rows\":1,\"fade\":true,\"vertical\":false,\"verticalSwiping\":false,\"infinite\":true,\"speed\":1000,\"swipeToSlide\":true,\"centerMode\":false,\"centerPadding\":\"\",\"variableWidth\":false,\"autoplay\":false,\"autoplaySpeed\":4000,\"dots\":true,\"counts\":false,\"adaptiveHeight\":false,\"responsive\":[{\"breakpoint\":769,\"settings\":{\"slidesToShow\":1,\"slidesToScroll\":1,\"infinite\":true,\"touchMove\":true}},{\"breakpoint\":481,\"settings\":{\"slidesToShow\":1,\"slidesToScroll\":1,\"infinite\":true,\"touchMove\":true}}]}' data-slick-prev=\"fa fa-chevron-left\" data-slick-next=\"fa fa-chevron-right\">[vc_single_image image=&#8221;13053&#8243; img_size=&#8221;full&#8221; onclick=&#8221;custom_link&#8221; link=&#8221;#&#8221;][vc_single_image image=&#8221;13055&#8243; img_size=&#8221;full&#8221; onclick=&#8221;custom_link&#8221; link=&#8221;#&#8221;][vc_single_image image=&#8221;13057&#8243; img_size=&#8221;full&#8221; onclick=&#8221;custom_link&#8221; link=&#8221;#&#8221;][vc_single_image image=&#8221;13059&#8243; img_size=&#8221;full&#8221; onclick=&#8221;custom_link&#8221; link=&#8221;#&#8221;][vc_single_image image=&#8221;13061&#8243; img_size=&#8221;full&#8221; onclick=&#8221;custom_link&#8221; link=&#8221;#&#8221;][vc_single_image image=&#8221;13063&#8243; img_size=&#8221;full&#8221; onclick=&#8221;custom_link&#8221; link=&#8221;#&#8221;]<\/div><div><\/div>[\/vc_column][\/vc_row][vc_row full_width=&#8221;stretch_row_content_no_spaces&#8221; css=&#8221;.vc_custom_1584703389878{padding-top: 10em !important;padding-bottom: 10em !important;background-position: center !important;background-repeat: no-repeat !important;background-size: cover !important;}&#8221; el_id=&#8221;mappa_stabilimento&#8221;][vc_column][vc_gmaps link=&#8221;#E-8_JTNDaWZyYW1lJTIwd2lkdGglM0QlMjI3MDAlMjIlMjBoZWlnaHQlM0QlMjI0NDAlMjIlMjBzcmMlM0QlMjJodHRwcyUzQSUyRiUyRm1hcHMuZ29vZ2xlLmNvbSUyRm1hcHMlM0Z3aWR0aCUzRDcwMCUyNmFtcCUzQmhlaWdodCUzRDQ0MCUyNmFtcCUzQmhsJTNEZW4lMjZhbXAlM0JxJTNEQWMlMjVDNCUyNUIxYmFkZW0lMjUyME1haGFsbGVzaSUyQiUyOFRpdG9sbyUyOSUyNmFtcCUzQmllJTNEVVRGOCUyNmFtcCUzQnQlM0QlMjZhbXAlM0J6JTNEMTQlMjZhbXAlM0Jpd2xvYyUzREIlMjZhbXAlM0JvdXRwdXQlM0RlbWJlZCUyMiUyMGZyYW1lYm9yZGVyJTNEJTIyMCUyMiUyMHNjcm9sbGluZyUzRCUyMm5vJTIyJTIwbWFyZ2luaGVpZ2h0JTNEJTIyMCUyMiUyMG1hcmdpbndpZHRoJTNEJTIyMCUyMiUzRSUzQyUyRmlmcmFtZSUzRQ==&#8221; size=&#8221;300&#8243;][\/vc_column][\/vc_row]<\/p>\n<\/div>","protected":false},"excerpt":{"rendered":"<p>[vc_row full_width=&#8221;stretch_row_content_no_spaces&#8221; css=&#8221;.vc_custom_1591709774867{margin-bottom: 2em !important;background-image: url(https:\/\/www.marcegaglia.com.tr\/wp-content\/uploads\/2020\/06\/Marcegaglia-Specialties-Turkey-Ergene-plant-banner-1920&#215;306-1.jpg?id=13050) !important;background-position: center !important;background-repeat: no-repeat !important;background-size: &#8230; <\/p>\n","protected":false},"author":1,"featured_media":0,"parent":0,"menu_order":0,"comment_status":"closed","ping_status":"closed","template":"","meta":{"footnotes":""},"class_list":["post-13045","page","type-page","status-publish","hentry"],"yoast_head":"<!-- This site is optimized with the Yoast SEO plugin v25.4 - https:\/\/yoast.com\/wordpress\/plugins\/seo\/ -->\n<title>Ergene fabrikasi - Marcegaglia Turkey<\/title>\n<meta name=\"robots\" content=\"index, follow, max-snippet:-1, max-image-preview:large, max-video-preview:-1\" \/>\n<link rel=\"canonical\" href=\"https:\/\/www.marcegaglia.com.tr\/tr\/ergene-fabrikasi\/\" \/>\n<meta property=\"og:locale\" content=\"tr_TR\" \/>\n<meta property=\"og:type\" content=\"article\" \/>\n<meta property=\"og:title\" content=\"Ergene fabrikasi - Marcegaglia Turkey\" \/>\n<meta property=\"og:description\" content=\"[vc_row full_width=&#8221;stretch_row_content_no_spaces&#8221; css=&#8221;.vc_custom_1591709774867{margin-bottom: 2em !important;background-image: url(https:\/\/www.marcegaglia.com.tr\/wp-content\/uploads\/2020\/06\/Marcegaglia-Specialties-Turkey-Ergene-plant-banner-1920&#215;306-1.jpg?id=13050) !important;background-position: center !important;background-repeat: no-repeat !important;background-size: ...\" \/>\n<meta property=\"og:url\" content=\"https:\/\/www.marcegaglia.com.tr\/tr\/ergene-fabrikasi\/\" \/>\n<meta property=\"og:site_name\" content=\"Marcegaglia Turkey\" \/>\n<meta property=\"article:modified_time\" content=\"2024-02-28T14:54:49+00:00\" \/>\n<meta name=\"twitter:card\" content=\"summary_large_image\" \/>\n<meta name=\"twitter:label1\" content=\"Tahmini okuma s\u00fcresi\" \/>\n\t<meta name=\"twitter:data1\" content=\"1 dakika\" \/>\n<script type=\"application\/ld+json\" class=\"yoast-schema-graph\">{\"@context\":\"https:\/\/schema.org\",\"@graph\":[{\"@type\":\"WebPage\",\"@id\":\"https:\/\/www.marcegaglia.com.tr\/tr\/ergene-fabrikasi\/\",\"url\":\"https:\/\/www.marcegaglia.com.tr\/tr\/ergene-fabrikasi\/\",\"name\":\"Ergene fabrikasi - Marcegaglia Turkey\",\"isPartOf\":{\"@id\":\"https:\/\/www.marcegaglia.com.tr\/tr\/#website\"},\"datePublished\":\"2020-06-16T14:06:49+00:00\",\"dateModified\":\"2024-02-28T14:54:49+00:00\",\"breadcrumb\":{\"@id\":\"https:\/\/www.marcegaglia.com.tr\/tr\/ergene-fabrikasi\/#breadcrumb\"},\"inLanguage\":\"tr\",\"potentialAction\":[{\"@type\":\"ReadAction\",\"target\":[\"https:\/\/www.marcegaglia.com.tr\/tr\/ergene-fabrikasi\/\"]}]},{\"@type\":\"BreadcrumbList\",\"@id\":\"https:\/\/www.marcegaglia.com.tr\/tr\/ergene-fabrikasi\/#breadcrumb\",\"itemListElement\":[{\"@type\":\"ListItem\",\"position\":1,\"name\":\"Home\",\"item\":\"https:\/\/www.marcegaglia.com.tr\/tr\/\"},{\"@type\":\"ListItem\",\"position\":2,\"name\":\"Ergene fabrikasi\"}]},{\"@type\":\"WebSite\",\"@id\":\"https:\/\/www.marcegaglia.com.tr\/tr\/#website\",\"url\":\"https:\/\/www.marcegaglia.com.tr\/tr\/\",\"name\":\"Marcegaglia Turkey\",\"description\":\"We give shape to steel\",\"potentialAction\":[{\"@type\":\"SearchAction\",\"target\":{\"@type\":\"EntryPoint\",\"urlTemplate\":\"https:\/\/www.marcegaglia.com.tr\/tr\/?s={search_term_string}\"},\"query-input\":{\"@type\":\"PropertyValueSpecification\",\"valueRequired\":true,\"valueName\":\"search_term_string\"}}],\"inLanguage\":\"tr\"}]}<\/script>\n<!-- \/ Yoast SEO plugin. -->","yoast_head_json":{"title":"Ergene fabrikasi - Marcegaglia Turkey","robots":{"index":"index","follow":"follow","max-snippet":"max-snippet:-1","max-image-preview":"max-image-preview:large","max-video-preview":"max-video-preview:-1"},"canonical":"https:\/\/www.marcegaglia.com.tr\/tr\/ergene-fabrikasi\/","og_locale":"tr_TR","og_type":"article","og_title":"Ergene fabrikasi - Marcegaglia Turkey","og_description":"[vc_row full_width=&#8221;stretch_row_content_no_spaces&#8221; css=&#8221;.vc_custom_1591709774867{margin-bottom: 2em !important;background-image: url(https:\/\/www.marcegaglia.com.tr\/wp-content\/uploads\/2020\/06\/Marcegaglia-Specialties-Turkey-Ergene-plant-banner-1920&#215;306-1.jpg?id=13050) !important;background-position: center !important;background-repeat: no-repeat !important;background-size: ...","og_url":"https:\/\/www.marcegaglia.com.tr\/tr\/ergene-fabrikasi\/","og_site_name":"Marcegaglia Turkey","article_modified_time":"2024-02-28T14:54:49+00:00","twitter_card":"summary_large_image","twitter_misc":{"Tahmini okuma s\u00fcresi":"1 dakika"},"schema":{"@context":"https:\/\/schema.org","@graph":[{"@type":"WebPage","@id":"https:\/\/www.marcegaglia.com.tr\/tr\/ergene-fabrikasi\/","url":"https:\/\/www.marcegaglia.com.tr\/tr\/ergene-fabrikasi\/","name":"Ergene fabrikasi - Marcegaglia Turkey","isPartOf":{"@id":"https:\/\/www.marcegaglia.com.tr\/tr\/#website"},"datePublished":"2020-06-16T14:06:49+00:00","dateModified":"2024-02-28T14:54:49+00:00","breadcrumb":{"@id":"https:\/\/www.marcegaglia.com.tr\/tr\/ergene-fabrikasi\/#breadcrumb"},"inLanguage":"tr","potentialAction":[{"@type":"ReadAction","target":["https:\/\/www.marcegaglia.com.tr\/tr\/ergene-fabrikasi\/"]}]},{"@type":"BreadcrumbList","@id":"https:\/\/www.marcegaglia.com.tr\/tr\/ergene-fabrikasi\/#breadcrumb","itemListElement":[{"@type":"ListItem","position":1,"name":"Home","item":"https:\/\/www.marcegaglia.com.tr\/tr\/"},{"@type":"ListItem","position":2,"name":"Ergene fabrikasi"}]},{"@type":"WebSite","@id":"https:\/\/www.marcegaglia.com.tr\/tr\/#website","url":"https:\/\/www.marcegaglia.com.tr\/tr\/","name":"Marcegaglia Turkey","description":"We give shape to steel","potentialAction":[{"@type":"SearchAction","target":{"@type":"EntryPoint","urlTemplate":"https:\/\/www.marcegaglia.com.tr\/tr\/?s={search_term_string}"},"query-input":{"@type":"PropertyValueSpecification","valueRequired":true,"valueName":"search_term_string"}}],"inLanguage":"tr"}]}},"_links":{"self":[{"href":"https:\/\/www.marcegaglia.com.tr\/tr\/wp-json\/wp\/v2\/pages\/13045","targetHints":{"allow":["GET"]}}],"collection":[{"href":"https:\/\/www.marcegaglia.com.tr\/tr\/wp-json\/wp\/v2\/pages"}],"about":[{"href":"https:\/\/www.marcegaglia.com.tr\/tr\/wp-json\/wp\/v2\/types\/page"}],"author":[{"embeddable":true,"href":"https:\/\/www.marcegaglia.com.tr\/tr\/wp-json\/wp\/v2\/users\/1"}],"replies":[{"embeddable":true,"href":"https:\/\/www.marcegaglia.com.tr\/tr\/wp-json\/wp\/v2\/comments?post=13045"}],"version-history":[{"count":5,"href":"https:\/\/www.marcegaglia.com.tr\/tr\/wp-json\/wp\/v2\/pages\/13045\/revisions"}],"predecessor-version":[{"id":14382,"href":"https:\/\/www.marcegaglia.com.tr\/tr\/wp-json\/wp\/v2\/pages\/13045\/revisions\/14382"}],"wp:attachment":[{"href":"https:\/\/www.marcegaglia.com.tr\/tr\/wp-json\/wp\/v2\/media?parent=13045"}],"curies":[{"name":"wp","href":"https:\/\/api.w.org\/{rel}","templated":true}]}}