{"id":13350,"date":"2020-09-14T10:03:02","date_gmt":"2020-09-14T10:03:02","guid":{"rendered":"https:\/\/www.marcegaglia.com.tr\/?page_id=13350"},"modified":"2024-10-14T16:10:32","modified_gmt":"2024-10-14T16:10:32","slug":"musteri-talebine-bagli-prosesler","status":"publish","type":"page","link":"https:\/\/www.marcegaglia.com.tr\/tr\/musteri-talebine-bagli-prosesler\/","title":{"rendered":"M\u00fc\u015fteri talebine ba\u011fli prosesler"},"content":{"rendered":"<div class=\"wpb-content-wrapper\"><p>[vc_row full_width=&#8221;stretch_row&#8221; css=&#8221;.vc_custom_1713274204586{margin-bottom: 2em !important;padding-top: 10em !important;padding-bottom: 10em !important;background-image: url(https:\/\/www.marcegaglia.com.tr\/wp-content\/uploads\/2020\/11\/marcegaglia_manufacturing-process-banner-1920&#215;306-1.jpg?id=13803) !important;background-position: center !important;background-repeat: no-repeat !important;background-size: cover !important;}&#8221; el_id=&#8221;desk&#8221;][vc_column offset=&#8221;vc_hidden-sm vc_hidden-xs&#8221;][\/vc_column][\/vc_row][vc_row full_width=&#8221;stretch_row&#8221; css=&#8221;.vc_custom_1713274246984{margin-bottom: 2em !important;padding-top: 5em !important;padding-bottom: 5em !important;background-image: url(https:\/\/www.marcegaglia.com.tr\/wp-content\/uploads\/2020\/11\/marcegaglia_manufacturing-process-banner-1920&#215;306-1.jpg?id=13803) !important;background-position: center !important;background-repeat: no-repeat !important;background-size: cover !important;}&#8221; el_id=&#8221;resp&#8221;][vc_column offset=&#8221;vc_hidden-lg vc_hidden-md&#8221;][\/vc_column][\/vc_row][vc_row full_width=&#8221;stretch_row&#8221; css=&#8221;.vc_custom_1585049350308{margin-bottom: 2em !important;background-position: center !important;background-repeat: no-repeat !important;background-size: cover !important;}&#8221;][vc_column][vc_column_text]\/<strong>Stainless Steel<\/strong>\/M\u00fc\u015fteri talebine ba\u011fli prosesler[\/vc_column_text][\/vc_column][\/vc_row][vc_row full_width=&#8221;stretch_row&#8221; css=&#8221;.vc_custom_1585049350308{margin-bottom: 2em !important;background-position: center !important;background-repeat: no-repeat !important;background-size: cover !important;}&#8221;][vc_column width=&#8221;1\/2&#8243;][vc_column_text]<\/p>\n<h2>M\u00dc\u015eTERI TALEBINE BA\u011eLI PROSESLER<\/h2>\n<p>[\/vc_column_text][vc_empty_space height=&#8221;20px&#8221;][vc_column_text]\u0130htiya\u00e7lara ba\u011fl\u0131 olarak, <strong>farkl\u0131 mekanik<\/strong> ve <strong>estetik<\/strong> <strong>niteliklerle<\/strong> karakterize edilen <strong>y\u00fcksek kaliteli bir \u00fcr\u00fcne<\/strong> sahip olmak i\u00e7in uygulanacak i\u015flem t\u00fcr\u00fcn\u00fc se\u00e7mek m\u00fcmk\u00fcnd\u00fcr.<\/p>\n<p><strong>F\u0131r\u00e7alama<\/strong> (180 Grid), paslanmaz \u00fcr\u00fcnlere m\u00fckemmel bir \u015fekilde homojen ve neredeyse iz b\u0131rakmayan bir y\u00fczey verir. \u0130\u015flem, a\u015f\u0131nd\u0131r\u0131c\u0131 al\u00fcminyum oksit ve silisyum karb\u00fcr gran\u00fclleri ile emprenye edilmi\u015f dokumas\u0131z sentetik elyaf malzemeler (naylon) kullan\u0131larak yap\u0131l\u0131r.<\/p>\n<p>\u0130kinci bir se\u00e7enek, oksitlerin ve di\u011fer p\u00fcr\u00fczlerin giderilmesi i\u00e7in \u00e7e\u015fitli kumlarda a\u015f\u0131nd\u0131r\u0131c\u0131 kay\u0131\u015flar\u0131n kullan\u0131lmas\u0131 sayesinde, t\u00fcm y\u00fczeydeki p\u00fcr\u00fczl\u00fcl\u00fck de\u011ferlerinin iyi bir homojenli\u011fini ve iyi bir g\u00f6r\u00fcn\u00fcm biti\u015fini garanti eden <strong>Satin<\/strong> (320 Grid) y\u00fczey i\u015flemidir.<\/p>\n<p>Son olarak, <strong>Ayna parlakl\u0131\u011f\u0131nda<\/strong> (600 Grid) y\u00fczey , paslanmaz \u00e7elik \u00fcr\u00fcnlerin son derece yans\u0131t\u0131c\u0131 olmas\u0131n\u0131, paslanmaz \u00e7eli\u011fin parlat\u0131lmas\u0131yla elde edilen \u00e7iziksiz bir g\u00f6r\u00fcn\u00fcme sahip p\u00fcr\u00fczs\u00fcz y\u00fczey olmas\u0131n\u0131 sa\u011flar. Ayna y\u00fczeyin yarar\u0131, a\u015f\u0131nmaya kar\u015f\u0131 olduk\u00e7a dayan\u0131kl\u0131d\u0131r ve estetik a\u00e7\u0131dan ho\u015f bir y\u00fczey kaplamas\u0131d\u0131r. Bunun nedeni, a\u015f\u0131nd\u0131r\u0131c\u0131 par\u00e7ac\u0131klar\u0131 bar\u0131nd\u0131rabilecek derin \u00e7izikleri ortadan kald\u0131ran cilalama prosed\u00fcr\u00fcd\u00fcr.[\/vc_column_text][vc_column_text]\u2022 F\u0131r\u00e7alama: 180 Grid<br \/>\n\u2022 Satine: 320 Grid<br \/>\n\u2022 Ayna parlatma: 600 Grid<\/p>\n<p><strong><small>Marcegaglia T\u00fcrkiye talep \u00fczerine m\u00fc\u015fterinin ihtiyac\u0131na y\u00f6nelik hizmet verebilmektedir.<\/small><\/strong>[\/vc_column_text][vc_row_inner el_id=&#8221;resp&#8221;][vc_column_inner][vc_single_image image=&#8221;13427&#8243; img_size=&#8221;full&#8221; onclick=&#8221;custom_link&#8221; img_link_target=&#8221;_blank&#8221; link=&#8221;https:\/\/www.marcegaglia.com.tr\/wp-content\/uploads\/2022\/09\/Marcegaglia-Specialties-Stainless-Steel-09-2022-TR.pdf&#8221;][\/vc_column_inner][\/vc_row_inner][\/vc_column][vc_column width=&#8221;1\/2&#8243;][vc_row_inner el_id=&#8221;desk&#8221;][vc_column_inner][vc_single_image image=&#8221;13427&#8243; img_size=&#8221;full&#8221; onclick=&#8221;custom_link&#8221; img_link_target=&#8221;_blank&#8221; link=&#8221;https:\/\/www.publications.marcegaglia.com\/wp-content\/uploads\/2024\/10\/Marcegaglia-Specialties-Stainless-Steel-EN-TR.pdf&#8221;][\/vc_column_inner][\/vc_row_inner][vc_empty_space height=&#8221;30px&#8221;][vc_column_text]<\/p>\n<h4>Bilgi talebi<\/h4>\n<p>[\/vc_column_text][vc_empty_space height=&#8221;30px&#8221;]\n<div class=\"wpcf7 no-js\" id=\"wpcf7-f902-o1\" lang=\"it-IT\" dir=\"ltr\" data-wpcf7-id=\"902\">\n<div class=\"screen-reader-response\"><p role=\"status\" aria-live=\"polite\" aria-atomic=\"true\"><\/p> <ul><\/ul><\/div>\n<form action=\"\/tr\/wp-json\/wp\/v2\/pages\/13350#wpcf7-f902-o1\" method=\"post\" class=\"wpcf7-form init\" aria-label=\"Modulo di contatto\" novalidate=\"novalidate\" data-status=\"init\">\n<fieldset class=\"hidden-fields-container\"><input type=\"hidden\" name=\"_wpcf7\" value=\"902\" \/><input type=\"hidden\" name=\"_wpcf7_version\" value=\"6.1\" \/><input type=\"hidden\" name=\"_wpcf7_locale\" value=\"it_IT\" \/><input type=\"hidden\" name=\"_wpcf7_unit_tag\" value=\"wpcf7-f902-o1\" \/><input type=\"hidden\" name=\"_wpcf7_container_post\" value=\"0\" \/><input type=\"hidden\" name=\"_wpcf7_posted_data_hash\" value=\"\" \/><input type=\"hidden\" name=\"_wpcf7_recaptcha_response\" value=\"\" \/>\n<\/fieldset>\n<div class=\"vc_row\">\n\t<div class=\"vc_col-md-6\">\n\t\t<p><span> Name* <\/span><br \/>\n<span class=\"wpcf7-form-control-wrap\" data-name=\"your-name\"><input size=\"40\" maxlength=\"400\" class=\"wpcf7-form-control wpcf7-text wpcf7-validates-as-required\" aria-required=\"true\" aria-invalid=\"false\" value=\"\" type=\"text\" name=\"your-name\" \/><\/span>\n\t\t<\/p>\n\t<\/div>\n\t<div class=\"vc_col-md-6\">\n\t\t<p><span> Email* <\/span><br \/>\n<span class=\"wpcf7-form-control-wrap\" data-name=\"your-email\"><input size=\"40\" maxlength=\"400\" class=\"wpcf7-form-control wpcf7-email wpcf7-validates-as-required wpcf7-text wpcf7-validates-as-email\" aria-required=\"true\" aria-invalid=\"false\" value=\"\" type=\"email\" name=\"your-email\" \/><\/span>\n\t\t<\/p>\n\t<\/div>\n\t<div class=\"vc_col-md-12\">\n\t\t<p><span> Subject <\/span><br \/>\n<span class=\"wpcf7-form-control-wrap\" data-name=\"your-subject\"><input size=\"40\" maxlength=\"400\" class=\"wpcf7-form-control wpcf7-text\" aria-invalid=\"false\" value=\"\" type=\"text\" name=\"your-subject\" \/><\/span>\n\t\t<\/p>\n\t<\/div>\n\t<div class=\"vc_col-md-12\">\n\t\t<p><span class=\"wpcf7-form-control-wrap\" data-name=\"your-message\"><textarea cols=\"40\" rows=\"10\" maxlength=\"2000\" class=\"wpcf7-form-control wpcf7-textarea\" aria-invalid=\"false\" placeholder=\"Insert here your message..\" name=\"your-message\"><\/textarea><\/span>\n\t\t<\/p>\n\t<\/div>\n\t<div class=\"vc_col-md-12\">\n\t\t<p><input class=\"wpcf7-form-control wpcf7-submit has-spinner\" type=\"submit\" value=\"Send\" \/>\n\t\t<\/p>\n\t<\/div>\n<\/div><input type='hidden' class='wpcf7-pum' value='{\"closepopup\":false,\"closedelay\":0,\"openpopup\":false,\"openpopup_id\":0}' \/><div class=\"wpcf7-response-output\" aria-hidden=\"true\"><\/div>\n<\/form>\n<\/div>\n[\/vc_column][\/vc_row]<\/p>\n<\/div>","protected":false},"excerpt":{"rendered":"<p>[vc_row full_width=&#8221;stretch_row&#8221; css=&#8221;.vc_custom_1713274204586{margin-bottom: 2em !important;padding-top: 10em !important;padding-bottom: 10em !important;background-image: url(https:\/\/www.marcegaglia.com.tr\/wp-content\/uploads\/2020\/11\/marcegaglia_manufacturing-process-banner-1920&#215;306-1.jpg?id=13803) !important;background-position: &#8230; <\/p>\n","protected":false},"author":1,"featured_media":0,"parent":0,"menu_order":0,"comment_status":"closed","ping_status":"closed","template":"","meta":{"footnotes":""},"class_list":["post-13350","page","type-page","status-publish","hentry"],"yoast_head":"<!-- This site is optimized with the Yoast SEO plugin v25.4 - https:\/\/yoast.com\/wordpress\/plugins\/seo\/ -->\n<title>M\u00fc\u015fteri talebine ba\u011fli prosesler - Marcegaglia Turkey<\/title>\n<meta name=\"robots\" content=\"index, follow, max-snippet:-1, max-image-preview:large, max-video-preview:-1\" \/>\n<link rel=\"canonical\" href=\"https:\/\/www.marcegaglia.com.tr\/tr\/musteri-talebine-bagli-prosesler\/\" \/>\n<meta property=\"og:locale\" content=\"tr_TR\" \/>\n<meta property=\"og:type\" content=\"article\" \/>\n<meta property=\"og:title\" content=\"M\u00fc\u015fteri talebine ba\u011fli prosesler - Marcegaglia Turkey\" \/>\n<meta property=\"og:description\" content=\"[vc_row full_width=&#8221;stretch_row&#8221; css=&#8221;.vc_custom_1713274204586{margin-bottom: 2em !important;padding-top: 10em !important;padding-bottom: 10em !important;background-image: url(https:\/\/www.marcegaglia.com.tr\/wp-content\/uploads\/2020\/11\/marcegaglia_manufacturing-process-banner-1920&#215;306-1.jpg?id=13803) !important;background-position: ...\" \/>\n<meta property=\"og:url\" content=\"https:\/\/www.marcegaglia.com.tr\/tr\/musteri-talebine-bagli-prosesler\/\" \/>\n<meta property=\"og:site_name\" content=\"Marcegaglia Turkey\" \/>\n<meta property=\"article:modified_time\" content=\"2024-10-14T16:10:32+00:00\" \/>\n<meta name=\"twitter:card\" content=\"summary_large_image\" \/>\n<meta name=\"twitter:label1\" content=\"Tahmini okuma s\u00fcresi\" \/>\n\t<meta name=\"twitter:data1\" content=\"2 dakika\" \/>\n<script type=\"application\/ld+json\" class=\"yoast-schema-graph\">{\"@context\":\"https:\/\/schema.org\",\"@graph\":[{\"@type\":\"WebPage\",\"@id\":\"https:\/\/www.marcegaglia.com.tr\/tr\/musteri-talebine-bagli-prosesler\/\",\"url\":\"https:\/\/www.marcegaglia.com.tr\/tr\/musteri-talebine-bagli-prosesler\/\",\"name\":\"M\u00fc\u015fteri talebine ba\u011fli prosesler - Marcegaglia Turkey\",\"isPartOf\":{\"@id\":\"https:\/\/www.marcegaglia.com.tr\/tr\/#website\"},\"datePublished\":\"2020-09-14T10:03:02+00:00\",\"dateModified\":\"2024-10-14T16:10:32+00:00\",\"breadcrumb\":{\"@id\":\"https:\/\/www.marcegaglia.com.tr\/tr\/musteri-talebine-bagli-prosesler\/#breadcrumb\"},\"inLanguage\":\"tr\",\"potentialAction\":[{\"@type\":\"ReadAction\",\"target\":[\"https:\/\/www.marcegaglia.com.tr\/tr\/musteri-talebine-bagli-prosesler\/\"]}]},{\"@type\":\"BreadcrumbList\",\"@id\":\"https:\/\/www.marcegaglia.com.tr\/tr\/musteri-talebine-bagli-prosesler\/#breadcrumb\",\"itemListElement\":[{\"@type\":\"ListItem\",\"position\":1,\"name\":\"Home\",\"item\":\"https:\/\/www.marcegaglia.com.tr\/tr\/\"},{\"@type\":\"ListItem\",\"position\":2,\"name\":\"M\u00fc\u015fteri talebine ba\u011fli prosesler\"}]},{\"@type\":\"WebSite\",\"@id\":\"https:\/\/www.marcegaglia.com.tr\/tr\/#website\",\"url\":\"https:\/\/www.marcegaglia.com.tr\/tr\/\",\"name\":\"Marcegaglia Turkey\",\"description\":\"We give shape to steel\",\"potentialAction\":[{\"@type\":\"SearchAction\",\"target\":{\"@type\":\"EntryPoint\",\"urlTemplate\":\"https:\/\/www.marcegaglia.com.tr\/tr\/?s={search_term_string}\"},\"query-input\":{\"@type\":\"PropertyValueSpecification\",\"valueRequired\":true,\"valueName\":\"search_term_string\"}}],\"inLanguage\":\"tr\"}]}<\/script>\n<!-- \/ Yoast SEO plugin. -->","yoast_head_json":{"title":"M\u00fc\u015fteri talebine ba\u011fli prosesler - Marcegaglia Turkey","robots":{"index":"index","follow":"follow","max-snippet":"max-snippet:-1","max-image-preview":"max-image-preview:large","max-video-preview":"max-video-preview:-1"},"canonical":"https:\/\/www.marcegaglia.com.tr\/tr\/musteri-talebine-bagli-prosesler\/","og_locale":"tr_TR","og_type":"article","og_title":"M\u00fc\u015fteri talebine ba\u011fli prosesler - Marcegaglia Turkey","og_description":"[vc_row full_width=&#8221;stretch_row&#8221; css=&#8221;.vc_custom_1713274204586{margin-bottom: 2em !important;padding-top: 10em !important;padding-bottom: 10em !important;background-image: url(https:\/\/www.marcegaglia.com.tr\/wp-content\/uploads\/2020\/11\/marcegaglia_manufacturing-process-banner-1920&#215;306-1.jpg?id=13803) !important;background-position: ...","og_url":"https:\/\/www.marcegaglia.com.tr\/tr\/musteri-talebine-bagli-prosesler\/","og_site_name":"Marcegaglia Turkey","article_modified_time":"2024-10-14T16:10:32+00:00","twitter_card":"summary_large_image","twitter_misc":{"Tahmini okuma s\u00fcresi":"2 dakika"},"schema":{"@context":"https:\/\/schema.org","@graph":[{"@type":"WebPage","@id":"https:\/\/www.marcegaglia.com.tr\/tr\/musteri-talebine-bagli-prosesler\/","url":"https:\/\/www.marcegaglia.com.tr\/tr\/musteri-talebine-bagli-prosesler\/","name":"M\u00fc\u015fteri talebine ba\u011fli prosesler - Marcegaglia Turkey","isPartOf":{"@id":"https:\/\/www.marcegaglia.com.tr\/tr\/#website"},"datePublished":"2020-09-14T10:03:02+00:00","dateModified":"2024-10-14T16:10:32+00:00","breadcrumb":{"@id":"https:\/\/www.marcegaglia.com.tr\/tr\/musteri-talebine-bagli-prosesler\/#breadcrumb"},"inLanguage":"tr","potentialAction":[{"@type":"ReadAction","target":["https:\/\/www.marcegaglia.com.tr\/tr\/musteri-talebine-bagli-prosesler\/"]}]},{"@type":"BreadcrumbList","@id":"https:\/\/www.marcegaglia.com.tr\/tr\/musteri-talebine-bagli-prosesler\/#breadcrumb","itemListElement":[{"@type":"ListItem","position":1,"name":"Home","item":"https:\/\/www.marcegaglia.com.tr\/tr\/"},{"@type":"ListItem","position":2,"name":"M\u00fc\u015fteri talebine ba\u011fli prosesler"}]},{"@type":"WebSite","@id":"https:\/\/www.marcegaglia.com.tr\/tr\/#website","url":"https:\/\/www.marcegaglia.com.tr\/tr\/","name":"Marcegaglia Turkey","description":"We give shape to steel","potentialAction":[{"@type":"SearchAction","target":{"@type":"EntryPoint","urlTemplate":"https:\/\/www.marcegaglia.com.tr\/tr\/?s={search_term_string}"},"query-input":{"@type":"PropertyValueSpecification","valueRequired":true,"valueName":"search_term_string"}}],"inLanguage":"tr"}]}},"_links":{"self":[{"href":"https:\/\/www.marcegaglia.com.tr\/tr\/wp-json\/wp\/v2\/pages\/13350","targetHints":{"allow":["GET"]}}],"collection":[{"href":"https:\/\/www.marcegaglia.com.tr\/tr\/wp-json\/wp\/v2\/pages"}],"about":[{"href":"https:\/\/www.marcegaglia.com.tr\/tr\/wp-json\/wp\/v2\/types\/page"}],"author":[{"embeddable":true,"href":"https:\/\/www.marcegaglia.com.tr\/tr\/wp-json\/wp\/v2\/users\/1"}],"replies":[{"embeddable":true,"href":"https:\/\/www.marcegaglia.com.tr\/tr\/wp-json\/wp\/v2\/comments?post=13350"}],"version-history":[{"count":5,"href":"https:\/\/www.marcegaglia.com.tr\/tr\/wp-json\/wp\/v2\/pages\/13350\/revisions"}],"predecessor-version":[{"id":14502,"href":"https:\/\/www.marcegaglia.com.tr\/tr\/wp-json\/wp\/v2\/pages\/13350\/revisions\/14502"}],"wp:attachment":[{"href":"https:\/\/www.marcegaglia.com.tr\/tr\/wp-json\/wp\/v2\/media?parent=13350"}],"curies":[{"name":"wp","href":"https:\/\/api.w.org\/{rel}","templated":true}]}}