{"id":13902,"date":"2020-12-10T09:52:32","date_gmt":"2020-12-10T09:52:32","guid":{"rendered":"https:\/\/www.marcegaglia.com.tr\/?page_id=13902"},"modified":"2025-02-19T13:38:14","modified_gmt":"2025-02-19T13:38:14","slug":"munhal","status":"publish","type":"page","link":"https:\/\/www.marcegaglia.com.tr\/tr\/munhal\/","title":{"rendered":"M\u00fcnhal"},"content":{"rendered":"<div class=\"wpb-content-wrapper\"><p>[vc_row full_width=&#8221;stretch_row_content_no_spaces&#8221; css=&#8221;.vc_custom_1589548955758{margin-bottom: 2em !important;background-image: url(https:\/\/www.marcegaglia.com.tr\/wp-content\/uploads\/2020\/05\/Marcegaglia-RU-Specialties-Vladimir-plant-quality-data_1920x306.jpg?id=11452) !important;background-position: center !important;background-repeat: no-repeat !important;background-size: cover !important;}&#8221; el_id=&#8221;desk&#8221;][vc_column css=&#8221;.vc_custom_1588591974425{padding-top: 10em !important;padding-bottom: 10em !important;background-position: center !important;background-repeat: no-repeat !important;background-size: cover !important;}&#8221; el_id=&#8221;desk&#8221; offset=&#8221;vc_hidden-sm vc_hidden-xs&#8221;][\/vc_column][\/vc_row][vc_row full_width=&#8221;stretch_row_content_no_spaces&#8221; css=&#8221;.vc_custom_1589548969486{margin-bottom: 2em !important;padding-top: 5em !important;padding-bottom: 5em !important;background-image: url(https:\/\/www.marcegaglia.com.tr\/wp-content\/uploads\/2020\/05\/Marcegaglia-RU-Specialties-Vladimir-plant-quality-data_1400x700.jpg?id=11454) !important;background-position: center !important;background-repeat: no-repeat !important;background-size: cover !important;}&#8221; el_id=&#8221;resp&#8221;][vc_column css=&#8221;.vc_custom_1588592239658{background-position: center !important;background-repeat: no-repeat !important;background-size: cover !important;}&#8221; el_id=&#8221;resp&#8221; offset=&#8221;vc_hidden-lg vc_hidden-md&#8221;][\/vc_column][\/vc_row][vc_row css=&#8221;.vc_custom_1589549524487{margin-bottom: 2em !important;}&#8221;][vc_column][vc_column_text]<\/p>\n<h2 class=\"titolo\"><span style=\"color: #009cde;\"><strong>Insan Kaynaklar\u0131 &amp; HR<\/strong><\/span><\/h2>\n<p>[\/vc_column_text][vc_empty_space height=&#8221;20px&#8221;][vc_column_text]\u00c7elik end\u00fcstrisinde lider \u0130talyan grup Marcegaglia&#8217;n\u0131n kurucusu ve ba\u015fkan\u0131 Steno Marcegaglia&#8217;n\u0131n belirtti\u011fi gibi: &#8220;<em>Lider bir \u015firket kurman\u0131n kazanan form\u00fcl\u00fc, b\u00fcy\u00fck bir \u00f6zveri, risk alma yetene\u011fi, t\u00fcm \u00e7al\u0131\u015fanlar\u0131n azmi ve ba\u011fl\u0131l\u0131\u011f\u0131d\u0131r<\/em>&#8220;.<\/p>\n<p>Bu nedenle, ortak ba\u015far\u0131lar\u0131 ki\u015fisel tutkular\u0131n \u00fczerinde tutan, ekip \u00e7al\u0131\u015fmas\u0131n\u0131n \u00f6nemini anlayan ve bir i\u015ften daha fazlas\u0131 haline gelen \u015firketimizde uzun vadeli bir kariyer in\u015fa etme azmi olan \u00e7al\u0131\u015fanlar ar\u0131yoruz.[\/vc_column_text][vc_empty_space][vc_row_inner][vc_column_inner width=&#8221;1\/2&#8243; el_id=&#8221;job&#8221;][vc_column_text]<\/p>\n<h2 class=\"titolo\"><span style=\"color: #009cde;\"><strong>A\u00e7\u0131k pozisyonlar:<\/strong><\/span><\/h2>\n<p>[\/vc_column_text][vc_empty_space height=&#8221;20px&#8221;][vc_column_text]<\/p>\n<ul>\n<li><span style=\"color: #009cde;\"><a href=\"https:\/\/www.marcegaglia.com.tr\/wp-content\/uploads\/2020\/12\/job-advert.docx\" target=\"_blank\" rel=\"noopener noreferrer\"><strong>MAK\u0130NA OPERAT\u00d6R\u00dc<\/strong><\/a><\/span><br \/>\ne-posta: <a href=\"mailto:hr.turkey@marcegaglia.com\" target=\"_blank\" rel=\"noopener noreferrer\">hr.turkey@marcegaglia.com<\/a><\/li>\n<\/ul>\n<p>[\/vc_column_text][\/vc_column_inner][vc_column_inner width=&#8221;1\/2&#8243;][\/vc_column_inner][\/vc_row_inner][\/vc_column][\/vc_row]<\/p>\n<\/div>","protected":false},"excerpt":{"rendered":"<p>[vc_row full_width=&#8221;stretch_row_content_no_spaces&#8221; css=&#8221;.vc_custom_1589548955758{margin-bottom: 2em !important;background-image: url(https:\/\/www.marcegaglia.com.tr\/wp-content\/uploads\/2020\/05\/Marcegaglia-RU-Specialties-Vladimir-plant-quality-data_1920x306.jpg?id=11452) !important;background-position: center !important;background-repeat: no-repeat !important;background-size: &#8230; <\/p>\n","protected":false},"author":1,"featured_media":0,"parent":0,"menu_order":0,"comment_status":"closed","ping_status":"closed","template":"","meta":{"footnotes":""},"class_list":["post-13902","page","type-page","status-publish","hentry"],"yoast_head":"<!-- This site is optimized with the Yoast SEO plugin v25.4 - https:\/\/yoast.com\/wordpress\/plugins\/seo\/ -->\n<title>M\u00fcnhal - Marcegaglia Turkey<\/title>\n<meta name=\"robots\" content=\"index, follow, max-snippet:-1, max-image-preview:large, max-video-preview:-1\" \/>\n<link rel=\"canonical\" href=\"https:\/\/www.marcegaglia.com.tr\/tr\/munhal\/\" \/>\n<meta property=\"og:locale\" content=\"tr_TR\" \/>\n<meta property=\"og:type\" content=\"article\" \/>\n<meta property=\"og:title\" content=\"M\u00fcnhal - Marcegaglia Turkey\" \/>\n<meta property=\"og:description\" content=\"[vc_row full_width=&#8221;stretch_row_content_no_spaces&#8221; css=&#8221;.vc_custom_1589548955758{margin-bottom: 2em !important;background-image: url(https:\/\/www.marcegaglia.com.tr\/wp-content\/uploads\/2020\/05\/Marcegaglia-RU-Specialties-Vladimir-plant-quality-data_1920x306.jpg?id=11452) !important;background-position: center !important;background-repeat: no-repeat !important;background-size: ...\" \/>\n<meta property=\"og:url\" content=\"https:\/\/www.marcegaglia.com.tr\/tr\/munhal\/\" \/>\n<meta property=\"og:site_name\" content=\"Marcegaglia Turkey\" \/>\n<meta property=\"article:modified_time\" content=\"2025-02-19T13:38:14+00:00\" \/>\n<meta name=\"twitter:card\" content=\"summary_large_image\" \/>\n<meta name=\"twitter:label1\" content=\"Tahmini okuma s\u00fcresi\" \/>\n\t<meta name=\"twitter:data1\" content=\"1 dakika\" \/>\n<script type=\"application\/ld+json\" class=\"yoast-schema-graph\">{\"@context\":\"https:\/\/schema.org\",\"@graph\":[{\"@type\":\"WebPage\",\"@id\":\"https:\/\/www.marcegaglia.com.tr\/tr\/munhal\/\",\"url\":\"https:\/\/www.marcegaglia.com.tr\/tr\/munhal\/\",\"name\":\"M\u00fcnhal - Marcegaglia Turkey\",\"isPartOf\":{\"@id\":\"https:\/\/www.marcegaglia.com.tr\/tr\/#website\"},\"datePublished\":\"2020-12-10T09:52:32+00:00\",\"dateModified\":\"2025-02-19T13:38:14+00:00\",\"breadcrumb\":{\"@id\":\"https:\/\/www.marcegaglia.com.tr\/tr\/munhal\/#breadcrumb\"},\"inLanguage\":\"tr\",\"potentialAction\":[{\"@type\":\"ReadAction\",\"target\":[\"https:\/\/www.marcegaglia.com.tr\/tr\/munhal\/\"]}]},{\"@type\":\"BreadcrumbList\",\"@id\":\"https:\/\/www.marcegaglia.com.tr\/tr\/munhal\/#breadcrumb\",\"itemListElement\":[{\"@type\":\"ListItem\",\"position\":1,\"name\":\"Home\",\"item\":\"https:\/\/www.marcegaglia.com.tr\/tr\/\"},{\"@type\":\"ListItem\",\"position\":2,\"name\":\"M\u00fcnhal\"}]},{\"@type\":\"WebSite\",\"@id\":\"https:\/\/www.marcegaglia.com.tr\/tr\/#website\",\"url\":\"https:\/\/www.marcegaglia.com.tr\/tr\/\",\"name\":\"Marcegaglia Turkey\",\"description\":\"We give shape to steel\",\"potentialAction\":[{\"@type\":\"SearchAction\",\"target\":{\"@type\":\"EntryPoint\",\"urlTemplate\":\"https:\/\/www.marcegaglia.com.tr\/tr\/?s={search_term_string}\"},\"query-input\":{\"@type\":\"PropertyValueSpecification\",\"valueRequired\":true,\"valueName\":\"search_term_string\"}}],\"inLanguage\":\"tr\"}]}<\/script>\n<!-- \/ Yoast SEO plugin. -->","yoast_head_json":{"title":"M\u00fcnhal - Marcegaglia Turkey","robots":{"index":"index","follow":"follow","max-snippet":"max-snippet:-1","max-image-preview":"max-image-preview:large","max-video-preview":"max-video-preview:-1"},"canonical":"https:\/\/www.marcegaglia.com.tr\/tr\/munhal\/","og_locale":"tr_TR","og_type":"article","og_title":"M\u00fcnhal - Marcegaglia Turkey","og_description":"[vc_row full_width=&#8221;stretch_row_content_no_spaces&#8221; css=&#8221;.vc_custom_1589548955758{margin-bottom: 2em !important;background-image: url(https:\/\/www.marcegaglia.com.tr\/wp-content\/uploads\/2020\/05\/Marcegaglia-RU-Specialties-Vladimir-plant-quality-data_1920x306.jpg?id=11452) !important;background-position: center !important;background-repeat: no-repeat !important;background-size: ...","og_url":"https:\/\/www.marcegaglia.com.tr\/tr\/munhal\/","og_site_name":"Marcegaglia Turkey","article_modified_time":"2025-02-19T13:38:14+00:00","twitter_card":"summary_large_image","twitter_misc":{"Tahmini okuma s\u00fcresi":"1 dakika"},"schema":{"@context":"https:\/\/schema.org","@graph":[{"@type":"WebPage","@id":"https:\/\/www.marcegaglia.com.tr\/tr\/munhal\/","url":"https:\/\/www.marcegaglia.com.tr\/tr\/munhal\/","name":"M\u00fcnhal - Marcegaglia Turkey","isPartOf":{"@id":"https:\/\/www.marcegaglia.com.tr\/tr\/#website"},"datePublished":"2020-12-10T09:52:32+00:00","dateModified":"2025-02-19T13:38:14+00:00","breadcrumb":{"@id":"https:\/\/www.marcegaglia.com.tr\/tr\/munhal\/#breadcrumb"},"inLanguage":"tr","potentialAction":[{"@type":"ReadAction","target":["https:\/\/www.marcegaglia.com.tr\/tr\/munhal\/"]}]},{"@type":"BreadcrumbList","@id":"https:\/\/www.marcegaglia.com.tr\/tr\/munhal\/#breadcrumb","itemListElement":[{"@type":"ListItem","position":1,"name":"Home","item":"https:\/\/www.marcegaglia.com.tr\/tr\/"},{"@type":"ListItem","position":2,"name":"M\u00fcnhal"}]},{"@type":"WebSite","@id":"https:\/\/www.marcegaglia.com.tr\/tr\/#website","url":"https:\/\/www.marcegaglia.com.tr\/tr\/","name":"Marcegaglia Turkey","description":"We give shape to steel","potentialAction":[{"@type":"SearchAction","target":{"@type":"EntryPoint","urlTemplate":"https:\/\/www.marcegaglia.com.tr\/tr\/?s={search_term_string}"},"query-input":{"@type":"PropertyValueSpecification","valueRequired":true,"valueName":"search_term_string"}}],"inLanguage":"tr"}]}},"_links":{"self":[{"href":"https:\/\/www.marcegaglia.com.tr\/tr\/wp-json\/wp\/v2\/pages\/13902","targetHints":{"allow":["GET"]}}],"collection":[{"href":"https:\/\/www.marcegaglia.com.tr\/tr\/wp-json\/wp\/v2\/pages"}],"about":[{"href":"https:\/\/www.marcegaglia.com.tr\/tr\/wp-json\/wp\/v2\/types\/page"}],"author":[{"embeddable":true,"href":"https:\/\/www.marcegaglia.com.tr\/tr\/wp-json\/wp\/v2\/users\/1"}],"replies":[{"embeddable":true,"href":"https:\/\/www.marcegaglia.com.tr\/tr\/wp-json\/wp\/v2\/comments?post=13902"}],"version-history":[{"count":5,"href":"https:\/\/www.marcegaglia.com.tr\/tr\/wp-json\/wp\/v2\/pages\/13902\/revisions"}],"predecessor-version":[{"id":14517,"href":"https:\/\/www.marcegaglia.com.tr\/tr\/wp-json\/wp\/v2\/pages\/13902\/revisions\/14517"}],"wp:attachment":[{"href":"https:\/\/www.marcegaglia.com.tr\/tr\/wp-json\/wp\/v2\/media?parent=13902"}],"curies":[{"name":"wp","href":"https:\/\/api.w.org\/{rel}","templated":true}]}}